{"id":747,"date":"2022-10-25T16:35:01","date_gmt":"2022-10-25T14:35:01","guid":{"rendered":"http:\/\/lesmotsbouscules.fr\/?page_id=747"},"modified":"2022-10-25T16:36:05","modified_gmt":"2022-10-25T14:36:05","slug":"dichotomies-syllabiques","status":"publish","type":"page","link":"https:\/\/lesmotsbouscules.fr\/?page_id=747","title":{"rendered":"Dichotomies syllabiques"},"content":{"rendered":"\n<p class=\"has-text-align-center\"><strong>Frissons pour gars qui sont gagas<\/strong> <br>(sonnet)<\/p>\n\n\n\n<p><mark style=\"background-color:rgba(0, 0, 0, 0)\" class=\"has-inline-color has-vivid-green-cyan-color\">Sur une id\u00e9e de <a rel=\"noreferrer noopener\" href=\"http:\/\/www.gef.free.fr\/oulipo41.html#date161022\" data-type=\"URL\" data-id=\"http:\/\/www.gef.free.fr\/oulipo41.html#date161022\" target=\"_blank\">Gilles Esposito-Farese<\/a><\/mark><\/p>\n\n\n\n<p class=\"has-text-align-center\">\u00d4 danse le verglas ainsi dans le bourbon&nbsp;!<br>Probons l\u2019id\u00e9e d\u2019un loup, d\u2019un bar, d\u2019osseux for\u00e7ats&nbsp;!<br>Un jeune iscle \u00e0 la queue, gr\u00e9ement aux forts issas,<br>Le c\u00e9l\u00e9te incessant prit dix reflux au bond.<br><br>Quel all\u00e9chant frisson&nbsp;! Tu descends \u00e7a aux bars<br>Le long des barges, tard, la digne balancelle<br>O\u00f9 tu scrutes peureux, en-dessous, la vacelle<br>Qui veut dans le glacis le bonbon des loubards.<br><br>Ce sage claquement for\u00e7a cet incendie<br>Flubons la chanson des sabars lombards, hardie<br>Basse et luth heureux de la selve, le sibon<br>Des barsacs, l\u2019\u00e2me en satin, dix bons chants des barres,<br>Bardits celtes de sel si d\u00e9cemment inbon<br>Des barcels de d\u00e9ments bombardements barbares.<\/p>\n\n\n\n<p><\/p>\n\n\n\n<p><mark style=\"background-color:rgba(0, 0, 0, 0)\" class=\"has-inline-color has-vivid-green-cyan-color\">Dans chaque bloc color\u00e9, les syllabes paires donnent celles du bloc suivant<\/mark><\/p>\n\n\n\n<figure class=\"wp-block-image size-full\"><img loading=\"lazy\" decoding=\"async\" width=\"779\" height=\"465\" src=\"http:\/\/lesmotsbouscules.fr\/wp-content\/uploads\/2022\/10\/image-1.png\" alt=\"\" class=\"wp-image-748\" srcset=\"https:\/\/lesmotsbouscules.fr\/wp-content\/uploads\/2022\/10\/image-1.png 779w, https:\/\/lesmotsbouscules.fr\/wp-content\/uploads\/2022\/10\/image-1-300x179.png 300w, https:\/\/lesmotsbouscules.fr\/wp-content\/uploads\/2022\/10\/image-1-768x458.png 768w\" sizes=\"auto, (max-width: 706px) 89vw, (max-width: 767px) 82vw, 740px\" \/><\/figure>\n\n\n\n<div class=\"wp-block-anchor-block-standard\" id=\"3selenets\" data-anchor-padding=\"\" style=\"--data-anchor-padding: 0px\"><\/div>\n\n\n\n<hr class=\"wp-block-separator has-alpha-channel-opacity\"\/>\n\n\n\n<hr class=\"wp-block-separator has-alpha-channel-opacity\"\/>\n\n\n\n<p class=\"has-text-align-center\"><strong>Eux, en s&rsquo;ent\u00eatant, balent  en t\u00eate \u00e0 t\u00eate<\/strong><br>(triple s\u00e9l\u00e9net)<\/p>\n\n\n\n<p class=\"has-text-align-center\">Un di\u00e8se haut \u00e9tire<br>mille ut enfantins.<br>Sylphe \u00e0 la feinte ire,<br>Docte sire, \u00e9teins !<\/p>\n\n\n\n<p class=\"has-text-align-center\">Brise, \u00e9coute et (tr\u00eave !)<br>\u00c9perds le vrai couard<br>de chants plus fins (r\u00eave !)<br>Qu\u2019un \u00e9clat de coir !<\/p>\n\n\n\n<p class=\"has-text-align-center\">La part esth\u00e9tique<br>Changeante est \u00e0 tort<br>la tentante \u00e9thique<br>au r\u00e9bus retors.<\/p>\n\n\n\n<p class=\"has-text-align-center\">Cherchez ce di\u00e9t\u00e8te,<br>Mis en nymphe, afin<br>d\u2019occire un z\u00e9t\u00e8te<br>et le voir enfin.<\/p>\n\n\n\n<p class=\"has-text-align-center\">Qu\u2019un claquoir pat\u00e8te !<br>Chantait Thor en T\u00eat,<br>\u00d4 butor esth\u00e8te<br>En fado (quintet).<\/p>\n\n\n\n<p class=\"has-text-align-center\">Le vent qu\u2019un couar t\u00e8te<br>T\u2019\u00e9tend aux torrents,<br>D\u2019octette en quartette,<br>Au dock, ent\u00eatants.<\/p>\n\n\n\n<p><mark style=\"background-color:rgba(0, 0, 0, 0)\" class=\"has-inline-color has-vivid-green-cyan-color\">Dans chaque bloc color\u00e9, les syllabes paires donnent celles du bloc suivant<\/mark><\/p>\n\n\n<div class=\"wp-block-image\">\n<figure class=\"aligncenter size-full\"><img loading=\"lazy\" decoding=\"async\" width=\"306\" height=\"485\" src=\"http:\/\/lesmotsbouscules.fr\/wp-content\/uploads\/2022\/10\/image-5.png\" alt=\"\" class=\"wp-image-752\" srcset=\"https:\/\/lesmotsbouscules.fr\/wp-content\/uploads\/2022\/10\/image-5.png 306w, https:\/\/lesmotsbouscules.fr\/wp-content\/uploads\/2022\/10\/image-5-189x300.png 189w\" sizes=\"auto, (max-width: 306px) 100vw, 306px\" \/><\/figure>\n<\/div>\n\n<div class=\"wp-block-image\">\n<figure class=\"aligncenter size-full\"><img loading=\"lazy\" decoding=\"async\" width=\"307\" height=\"493\" src=\"http:\/\/lesmotsbouscules.fr\/wp-content\/uploads\/2022\/10\/image-4.png\" alt=\"\" class=\"wp-image-751\" srcset=\"https:\/\/lesmotsbouscules.fr\/wp-content\/uploads\/2022\/10\/image-4.png 307w, https:\/\/lesmotsbouscules.fr\/wp-content\/uploads\/2022\/10\/image-4-187x300.png 187w\" sizes=\"auto, (max-width: 307px) 100vw, 307px\" \/><\/figure>\n<\/div>","protected":false},"excerpt":{"rendered":"<p>Frissons pour gars qui sont gagas (sonnet) Sur une id\u00e9e de Gilles Esposito-Farese \u00d4 danse le verglas ainsi dans le bourbon&nbsp;!Probons l\u2019id\u00e9e d\u2019un loup, d\u2019un bar, d\u2019osseux for\u00e7ats&nbsp;!Un jeune iscle \u00e0 la queue, gr\u00e9ement aux forts issas,Le c\u00e9l\u00e9te incessant prit dix reflux au bond. Quel all\u00e9chant frisson&nbsp;! Tu descends \u00e7a aux barsLe long des barges, &hellip; <\/p>\n<p class=\"link-more\"><a href=\"https:\/\/lesmotsbouscules.fr\/?page_id=747\" class=\"more-link\">Continuer la lecture<span class=\"screen-reader-text\"> de &laquo;&nbsp;Dichotomies syllabiques&nbsp;&raquo;<\/span><\/a><\/p>\n","protected":false},"author":1,"featured_media":0,"parent":0,"menu_order":0,"comment_status":"closed","ping_status":"closed","template":"","meta":{"footnotes":""},"class_list":["post-747","page","type-page","status-publish","hentry"],"_links":{"self":[{"href":"https:\/\/lesmotsbouscules.fr\/index.php?rest_route=\/wp\/v2\/pages\/747","targetHints":{"allow":["GET"]}}],"collection":[{"href":"https:\/\/lesmotsbouscules.fr\/index.php?rest_route=\/wp\/v2\/pages"}],"about":[{"href":"https:\/\/lesmotsbouscules.fr\/index.php?rest_route=\/wp\/v2\/types\/page"}],"author":[{"embeddable":true,"href":"https:\/\/lesmotsbouscules.fr\/index.php?rest_route=\/wp\/v2\/users\/1"}],"replies":[{"embeddable":true,"href":"https:\/\/lesmotsbouscules.fr\/index.php?rest_route=%2Fwp%2Fv2%2Fcomments&post=747"}],"version-history":[{"count":2,"href":"https:\/\/lesmotsbouscules.fr\/index.php?rest_route=\/wp\/v2\/pages\/747\/revisions"}],"predecessor-version":[{"id":754,"href":"https:\/\/lesmotsbouscules.fr\/index.php?rest_route=\/wp\/v2\/pages\/747\/revisions\/754"}],"wp:attachment":[{"href":"https:\/\/lesmotsbouscules.fr\/index.php?rest_route=%2Fwp%2Fv2%2Fmedia&parent=747"}],"curies":[{"name":"wp","href":"https:\/\/api.w.org\/{rel}","templated":true}]}}