{"id":588,"date":"2022-06-11T17:49:54","date_gmt":"2022-06-11T15:49:54","guid":{"rendered":"http:\/\/lesmotsbouscules.fr\/?page_id=588"},"modified":"2022-11-12T11:16:35","modified_gmt":"2022-11-12T10:16:35","slug":"pilindromes","status":"publish","type":"page","link":"https:\/\/lesmotsbouscules.fr\/?page_id=588","title":{"rendered":"Pilindromes"},"content":{"rendered":"\n<p>Un <strong><mark style=\"background-color:rgba(0, 0, 0, 0)\" class=\"has-inline-color has-vivid-red-color\">pil<\/mark><\/strong>indrome consiste \u00e0 proposer un d\u00e9coupage de la s\u00e9quence de sons d\u2019un vers pour construire un nouveau vers en r\u00e9em<strong><mark style=\"background-color:rgba(0, 0, 0, 0)\" class=\"has-inline-color has-vivid-red-color\">pil<\/mark><\/strong>ant un \u00e0 un les sons dans le sens inverse<br>(voir document ci-dessous)<\/p>\n\n\n<a href=\"https:\/\/lesmotsbouscules.fr\/wp-content\/uploads\/2022\/06\/pilindrome-1.pdf\" class=\"pdfemb-viewer\" style=\"\" data-width=\"max\" data-height=\"max\"  data-toolbar=\"bottom\" data-toolbar-fixed=\"off\">pilindrome-1<br\/><\/a>\n<p class=\"wp-block-pdfemb-pdf-embedder-viewer\"><\/p>\n\n\n\n<p class=\"has-text-align-center\"><strong><mark style=\"background-color:rgba(0, 0, 0, 0)\" class=\"has-inline-color has-vivid-cyan-blue-color\">Premier essai<\/mark><\/strong><\/p>\n\n\n\n<p class=\"has-text-align-left\"><strong><em>Bohr,&nbsp;un&nbsp;rut&nbsp;?&nbsp;Ach&nbsp;!<\/em><\/strong><\/p>\n\n\n\n<p class=\"has-text-align-center\">Roi&nbsp;des&nbsp;c\u00f4tes&nbsp;au&nbsp;jour&nbsp;;&nbsp;outre&nbsp;Dali,&nbsp;qu\u2019il&nbsp;entre&nbsp;!<br>Ni&nbsp;trois&nbsp;pas&nbsp;s\u00fbrs&nbsp;(Un&nbsp;m\u00e2le&nbsp;y&nbsp;est.&nbsp;L\u2019eau&nbsp;seule&nbsp;endort,&nbsp;\u2013&nbsp;d\u2019\u00eele.&nbsp;\u2013)<br>Ni&nbsp;anar&nbsp;(c\u2019est&nbsp;son&nbsp;nid.),&nbsp;frappons&nbsp;neuf&nbsp;fins&nbsp;parlers<br>Froids&nbsp;(Aliments&nbsp;de&nbsp;chaux,&nbsp;seule&nbsp;herbe).&nbsp;Heureux,&nbsp;tu&nbsp;n\u2019as,<br><br>Homme&nbsp;saint,&nbsp;fait&nbsp;Hilda,&nbsp;l\u2019amant,&nbsp;enfin&nbsp;!&nbsp;Et&nbsp;rire&nbsp;o\u00f9&nbsp;se<br>Moque&nbsp;Henri&nbsp;?&nbsp;Soude,&nbsp;hors&nbsp;lit,&nbsp;l\u2019\u0153il&nbsp;\u00e0&nbsp;l\u2019aigle.&nbsp;En&nbsp;d\u00e9s&nbsp;pil\u00e9s,<br>Le&nbsp;p\u00e8re&nbsp;eut&nbsp;mis&nbsp;Lalou&nbsp;vers&nbsp;Lyon&nbsp;sans&nbsp;de&nbsp;pales<br>Nues&nbsp;l\u00e0&nbsp;o\u00f9&nbsp;ce&nbsp;br\u00ealant&nbsp;d\u00fbt&nbsp;t\u2019endetter&nbsp;;&nbsp;il&nbsp;r\u00f4de.<br><br>Le&nbsp;bon&nbsp;sait&nbsp;cr\u00e9er&nbsp;l\u2019\u0153uf&nbsp;rendant&nbsp;niais.&nbsp;Buck&nbsp;annulait<br>Une&nbsp;t\u00eate&nbsp;verte&nbsp;chou&nbsp;;&nbsp;jeune,&nbsp;bouda&nbsp;l\u2019os&nbsp;saint.<br>Ayons&nbsp;d\u2019heureux&nbsp;soumis,&nbsp;Calvin&nbsp;peu&nbsp;tisse&nbsp;et&nbsp;luit.<br><br>Hy\u00e8res,&nbsp;Fanny&nbsp;monta&nbsp;le&nbsp;di\u00e8se&nbsp;au&nbsp;loup&nbsp;(leu,&nbsp;gens&nbsp;d\u2019art&nbsp;!)<br>On&nbsp;y&nbsp;a&nbsp;des&nbsp;airs&nbsp;beaux&nbsp;(Le&nbsp;Mans,&nbsp;faux&nbsp;chants,&nbsp;cro\u00e2&nbsp;!).<br>Vis,&nbsp;erre,&nbsp;ris&nbsp;nutant,&nbsp;chou&nbsp;dur&nbsp;verreux&nbsp;!&nbsp;(doux&nbsp;train&nbsp;7).<\/p>\n\n\n\n<p class=\"has-text-align-right\"><strong>Vald&nbsp;Umeur&nbsp;D\u2019Orleux<\/strong><\/p>\n\n\n\n<p><mark style=\"background-color:rgba(0, 0, 0, 0)\" class=\"has-inline-color has-vivid-green-cyan-color\"><em>Ci-dessus un pilindrome de<\/em><\/mark><br><mark style=\"background-color:rgba(0, 0, 0, 0)\" class=\"has-inline-color has-vivid-green-cyan-color\"><em> Le <\/em><\/mark><em><mark style=\"background-color:rgba(0, 0, 0, 0)\" class=\"has-inline-color has-vivid-purple-color\">Dor<\/mark><\/em><mark style=\"background-color:rgba(0, 0, 0, 0)\" class=\"has-inline-color has-vivid-green-cyan-color\"><em>meur <\/em><\/mark><em><mark style=\"background-color:rgba(0, 0, 0, 0)\" class=\"has-inline-color has-luminous-vivid-orange-color\">du<\/mark><\/em><mark style=\"background-color:rgba(0, 0, 0, 0)\" class=\"has-inline-color has-vivid-green-cyan-color\"><em> Val <\/em><\/mark> <mark style=\"background-color:rgba(0, 0, 0, 0)\" class=\"has-inline-color has-vivid-green-cyan-color\">(Val<\/mark><mark style=\"background-color:rgba(0, 0, 0, 0)\" class=\"has-inline-color has-luminous-vivid-orange-color\">d\u00a0U<\/mark><mark style=\"background-color:rgba(0, 0, 0, 0)\" class=\"has-inline-color has-vivid-green-cyan-color\">meur<\/mark>\u00a0<mark style=\"background-color:rgba(0, 0, 0, 0)\" class=\"has-inline-color has-vivid-purple-color\">D\u2019Or<\/mark><mark style=\"background-color:rgba(0, 0, 0, 0)\" class=\"has-inline-color has-vivid-green-cyan-color\">leux)<\/mark><br><mark style=\"background-color:rgba(0, 0, 0, 0)\" class=\"has-inline-color has-vivid-green-cyan-color\"><em>d&rsquo;<\/em><\/mark><em><mark style=\"background-color:rgba(0, 0, 0, 0)\" class=\"has-inline-color has-vivid-purple-color\">Ar<\/mark><\/em><mark style=\"background-color:rgba(0, 0, 0, 0)\" class=\"has-inline-color has-vivid-green-cyan-color\"><em>thur <\/em><\/mark><em><mark style=\"background-color:rgba(0, 0, 0, 0)\" class=\"has-inline-color has-luminous-vivid-orange-color\">Rim<\/mark><\/em><mark style=\"background-color:rgba(0, 0, 0, 0)\" class=\"has-inline-color has-vivid-green-cyan-color\"><em>baud ( Boh<\/em><\/mark><em><mark style=\"background-color:rgba(0, 0, 0, 0)\" class=\"has-inline-color has-luminous-vivid-orange-color\">r, un<\/mark><\/em><mark style=\"background-color:rgba(0, 0, 0, 0)\" class=\"has-inline-color has-vivid-green-cyan-color\"><em> rut ? <\/em><\/mark><em><mark style=\"background-color:rgba(0, 0, 0, 0)\" class=\"has-inline-color has-vivid-purple-color\">Ach !<\/mark><\/em><mark style=\"background-color:rgba(0, 0, 0, 0)\" class=\"has-inline-color has-vivid-green-cyan-color\"><em>)<br>(A lire de haut en bas et de droite \u00e0 gauche par paquet)<\/em><\/mark><\/p>\n\n\n\n<p class=\"has-text-align-center\"><mark style=\"background-color:rgba(0, 0, 0, 0)\" class=\"has-inline-color has-vivid-cyan-blue-color\"><strong>Quelques vers choisis<\/strong><\/mark><\/p>\n\n\n\n<p class=\"has-text-align-center\">L\u2019eau&nbsp;verte&nbsp;p\u00e9n\u00e9tra&nbsp;ma&nbsp;coque&nbsp;de&nbsp;sapin,<br>pin\u00e7a&nbsp;deux&nbsp;queues&nbsp;comme&nbsp;attrap\u00e9es&nbsp;nettes.&nbsp;V\u00e9role&nbsp;!<\/p>\n\n\n\n<p class=\"has-text-align-left\"><mark style=\"background-color:rgba(0, 0, 0, 0)\" class=\"has-inline-color has-vivid-green-cyan-color\">Ci-dessus un\u00a0vers\u00a0du\u00a0Bateau\u00a0Ivre<\/mark>\u00a0<mark style=\"background-color:rgba(0, 0, 0, 0)\" class=\"has-inline-color has-vivid-green-cyan-color\">de Rimbaud<\/mark><br><mark style=\"background-color:rgba(0, 0, 0, 0)\" class=\"has-inline-color has-vivid-green-cyan-color\">et\u00a0son\u00a0r\u00e9empilement\u00a0pilindromique<\/mark><br><mark style=\"background-color:rgba(0, 0, 0, 0)\" class=\"has-inline-color has-vivid-green-cyan-color\">avec le d\u00e9coupage :<br>L\u2019\u00a0\/\u00a0eau\u00a0ver\/te\u00a0\/\u00a0p\u00e9n\u00e9\/tra\u00a0\/\u00a0ma\u00a0co\/que\u00a0\/\u00a0de\u00a0\/\u00a0sa\/pin<\/mark><br><\/p>\n\n\n\n<hr class=\"wp-block-separator has-alpha-channel-opacity\"\/>\n\n\n\n<p class=\"has-text-align-center\">Hallucinations<br>Scatophiles d&rsquo;un psychiatre ?<br>Danse et fume \u00e0 fond !<\/p>\n\n\n\n<p class=\"has-text-align-center\">Soit :<\/p>\n\n\n\n<p class=\"has-text-align-center\">En pagne, Lacan chie bleu ? Roule, au bal, des deux mains !<\/p>\n\n\n\n<p><mark style=\"background-color:rgba(0, 0, 0, 0)\" class=\"has-inline-color has-vivid-green-cyan-color\">Lecture pilindromique de :<br>Demain, d\u00e8s l&rsquo;aube, \u00e0 l&rsquo;heure o\u00f9 blanchit la campagne<br>\\d\u0259m\u025b\u0303\\d\u025b\\l\u0254bal\\\u0259\u0281u\\bl\\\u0251\u0303\u0283i\\lak\\\u0251\u0303pa\u0272\u0259\\<br>\\\u0251\u0303pa\u0272\u0259\\lak\\\u0251\u0303\u0283i\\bl\\\u0259\u0281u\\l\u0254bal\\d\u025b\\d\u0259m\u025b\u0303\\<\/mark><\/p>\n\n\n<div class=\"wp-block-image\">\n<figure class=\"aligncenter size-full\"><img loading=\"lazy\" decoding=\"async\" width=\"616\" height=\"106\" src=\"http:\/\/lesmotsbouscules.fr\/wp-content\/uploads\/2022\/11\/image.png\" alt=\"\" class=\"wp-image-780\" srcset=\"https:\/\/lesmotsbouscules.fr\/wp-content\/uploads\/2022\/11\/image.png 616w, https:\/\/lesmotsbouscules.fr\/wp-content\/uploads\/2022\/11\/image-300x52.png 300w\" sizes=\"auto, (max-width: 616px) 100vw, 616px\" \/><\/figure>\n<\/div>\n\n\n<p class=\"has-text-align-center\"><mark style=\"background-color:rgba(0, 0, 0, 0)\" class=\"has-inline-color has-vivid-cyan-blue-color\"><strong>A TRIER<\/strong><\/mark><\/p>\n\n\n\n<p class=\"has-text-align-center\">A noir, E blanc, I rouge, U vert, O bleu, voyelles,<br>Elle y voit le beau r\u00eave o\u00f9 j\u2019eus ri en bleu roi. Anne.<\/p>\n\n\n\n<p class=\"has-text-align-center\"><br>&#8212;<\/p>\n\n\n\n<p class=\"has-text-align-center\">Tendinite&nbsp;aigu\u00eb<br>Pour&nbsp;ces&nbsp;fous,&nbsp;bras&nbsp;en&nbsp;l\u2019air,&nbsp;qu\u2019une<br>Unit\u00e9&nbsp;guide,&nbsp;hante.<br>(pilindrome)<br>vers&nbsp;1&nbsp;(\\t\\\u0251\u0303\\d\\i\\nite\u0261\\y\\)<br>&#8230;<br>vers&nbsp;3&nbsp;(\\y\\nite\u0261\\i\\d\\\u0251\u0303\\t\\)<\/p>\n\n\n\n<hr class=\"wp-block-separator has-alpha-channel-opacity\"\/>\n\n\n\n<p class=\"has-text-align-center\"><mark style=\"background-color:rgba(0, 0, 0, 0)\" class=\"has-inline-color has-vivid-cyan-blue-color\">3 vers du <em><strong>Th\u00e9<\/strong><\/em> de T. De Banville<\/mark><\/p>\n\n\n\n<p class=\"has-text-align-center\">Miss&nbsp;Ellen,&nbsp;versez-moi&nbsp;le&nbsp;Th\u00e9<br>\\m\\is\\elen\\ve\u0281sem\\wal\u0259\\t\\e\\<br>-&gt;<br>&lt;-<br>\\e\\t\\wal\u0259\\ve\u0281sem\\elen\\is\\m\\<br>Et&nbsp;toi,&nbsp;le&nbsp;vert,&nbsp;s\u00e8me&nbsp;hell\u00e9nismes.<br><\/p>\n\n\n\n<p class=\"has-text-align-center\">Dans&nbsp;la&nbsp;belle&nbsp;tasse&nbsp;chinoise,<br>Swan&nbsp;y&nbsp;chasse,&nbsp;telle&nbsp;la&nbsp;bande.<br><\/p>\n\n\n\n<p class=\"has-text-align-center\">O\u00f9&nbsp;des&nbsp;poissons&nbsp;d&rsquo;or&nbsp;cherchent&nbsp;noise<br>Cher&nbsp;sch\u00f6n&nbsp;oiseau&nbsp;roi,&nbsp;sondez&nbsp;doux&nbsp;!<br><br><\/p>\n\n\n\n<p class=\"has-text-align-center\">&#8212;<\/p>\n\n\n\n<p class=\"has-text-align-center\">Escarbille en l&rsquo;air :<br>Soulages qu&rsquo;une jalouse<br>Raye en libre acc\u00e8s.<\/p>\n\n\n\n<hr class=\"wp-block-separator has-alpha-channel-opacity\"\/>\n\n\n\n<p class=\"has-text-align-center\">Dinard.&nbsp;Deux&nbsp;saints&nbsp;grattent<br>Ces&nbsp;fonds&nbsp;de&nbsp;plats&nbsp;de&nbsp;fonc\u00e9s<br>Gratins&nbsp;de&nbsp;sardines.<br><br><br>(vers&nbsp;1&nbsp;et&nbsp;3&nbsp;en&nbsp;pilindrome)<br>(vers 2 en donc en palindrome syllabique (donc en pilindrome) + hapax central)<\/p>\n\n\n\n<p class=\"has-text-align-center\">&#8212;<\/p>\n\n\n\n<p class=\"has-text-align-left\">Philodendron&nbsp;: <\/p>\n\n\n\n<p class=\"has-text-align-center\">&nbsp;&nbsp;&nbsp;&nbsp;&nbsp;&nbsp;&nbsp;&nbsp;&nbsp;&nbsp;&nbsp;&#8211;&nbsp;Rondin&nbsp;d\u2019eau&nbsp;r\u00f4de&nbsp;!<\/p>\n\n\n\n<p class=\"has-text-align-left\">Rhododendron<\/p>\n\n\n\n<p class=\"has-text-align-center\">&nbsp;&#8211;&nbsp;Rondin&nbsp;d\u2019eau&nbsp;file&nbsp;!<br><br><br>(pilindrome)<\/p>\n\n\n\n<p class=\"has-text-align-center\">&#8212;<\/p>\n\n\n\n<p class=\"has-text-align-center\">A&nbsp;l&rsquo;envers,&nbsp;ce&nbsp;sot<br>Pilindrome.&nbsp;Lisez&nbsp;d&rsquo;en<br>Haut,&nbsp;ce&nbsp;versant-l\u00e0.<br><br><br>(vers&nbsp;1&nbsp;et&nbsp;3&nbsp;en&nbsp;pilindrome)<br>a\\l\\\u0251\u0303\\v\u025b\u0281s\\\u0259\\s\\o\\<br>-&gt;<br>&lt;-<br>\\o\\s\\\u0259\\v\u025b\u0281s\\\u0251\u0303\\l\\a\\<br><\/p>\n\n\n\n<hr class=\"wp-block-separator has-alpha-channel-opacity\"\/>\n\n\n\n<p class=\"has-text-align-center\">R\u00eavez l\u00e0 ! Sentez !<br>Cette boutique asiatique<br>R\u00e9v\u00e9la cent th\u00e9s !<\/p>\n\n\n\n<p class=\"has-text-align-center\">\\\u0281\u025bv\u025blas\u0251\u0303t\u025b\\<br>\\\u0281\u025bv\u025blas\u0251\u0303t\u025b\\<br>(vers 1 et 3 holorimes)<\/p>\n\n\n\n<p class=\"has-text-align-center\">R\u00eave, h\u00e9las, hant\u00e9e<br>Par le monstre froid de cet<br>\u00c9tang sale et vert.<\/p>\n\n\n\n<p class=\"has-text-align-center\">\\\u0281\\\u025b\\v\\\u025b\\l\\a\\s\\\u0251\u0303\\t\\\u025b\\<br>\\\u025b\\t\\\u0251\u0303\\s\\a\\l\\\u025b\\v\\\u025b\\\u0281\\<br>(vers 1 et 3 en palindrome phon\u00e9mique)<\/p>\n\n\n\n<p class=\"has-text-align-center\">R\u00eavez la sant\u00e9,<br>Ce myst\u00e8re que chacun<br>Tait sans l&rsquo;av\u00e9rer.<\/p>\n\n\n\n<p class=\"has-text-align-center\">\\\u0281\u025b\\v\u025b\\la\\s\u0251\u0303\\t\u025b\\<br>\\t\u025b\\s\u0251\u0303\\la\\v\u025b\\\u0281\u025b\\<br>(vers 1 et 3 en palindrome syllabique)<\/p>\n\n\n\n<p class=\"has-text-align-center\">R\u00eavez l\u00e0 ! Sentez<br>La veille du premier jour :<br>Eve est l\u00e0 sans terre !<\/p>\n\n\n\n<p class=\"has-text-align-center\">\\\u0281\\\u025bv\u025blas\u0251\u0303t\u025b\\<br>\\\u025bv\u025blas\u0251\u0303t\u025b\\\u0281\\<\/p>\n\n\n\n<p class=\"has-text-align-center\">R\u00eaver la sant\u00e9<br>est hors d&rsquo;espoir, l&rsquo;infirmi\u00e8re<br>Est h\u00e9las en vert.<\/p>\n\n\n\n<p class=\"has-text-align-center\">\\\u0281\\\u025b\\v\\\u025blas\u0251\u0303\\t\\\u025b\\<br>\\\u025b\\t\\\u025blas\u0251\u0303\\v\\\u025b\\\u0281\\<\/p>\n\n\n\n<p class=\"has-text-align-center\">R\u00eavez, lasse ! Entez<br>Dix-mille arbres de sorci\u00e8re !<br>Hantez l\u00e0, s\u00e9v\u00e8re !<\/p>\n\n\n\n<p class=\"has-text-align-center\">\\\u0281\\\u025bv\u025b\\las\\\u0251\u0303t\u025b\\<br>\\\u0251\u0303t\u025b\\las\\\u025bv\u025b\\\u0281\\<\/p>\n\n\n\n<hr class=\"wp-block-separator has-alpha-channel-opacity\"\/>\n","protected":false},"excerpt":{"rendered":"<p>Un pilindrome consiste \u00e0 proposer un d\u00e9coupage de la s\u00e9quence de sons d\u2019un vers pour construire un nouveau vers en r\u00e9empilant un \u00e0 un les sons dans le sens inverse(voir document ci-dessous) Premier essai Bohr,&nbsp;un&nbsp;rut&nbsp;?&nbsp;Ach&nbsp;! Roi&nbsp;des&nbsp;c\u00f4tes&nbsp;au&nbsp;jour&nbsp;;&nbsp;outre&nbsp;Dali,&nbsp;qu\u2019il&nbsp;entre&nbsp;!Ni&nbsp;trois&nbsp;pas&nbsp;s\u00fbrs&nbsp;(Un&nbsp;m\u00e2le&nbsp;y&nbsp;est.&nbsp;L\u2019eau&nbsp;seule&nbsp;endort,&nbsp;\u2013&nbsp;d\u2019\u00eele.&nbsp;\u2013)Ni&nbsp;anar&nbsp;(c\u2019est&nbsp;son&nbsp;nid.),&nbsp;frappons&nbsp;neuf&nbsp;fins&nbsp;parlersFroids&nbsp;(Aliments&nbsp;de&nbsp;chaux,&nbsp;seule&nbsp;herbe).&nbsp;Heureux,&nbsp;tu&nbsp;n\u2019as, Homme&nbsp;saint,&nbsp;fait&nbsp;Hilda,&nbsp;l\u2019amant,&nbsp;enfin&nbsp;!&nbsp;Et&nbsp;rire&nbsp;o\u00f9&nbsp;seMoque&nbsp;Henri&nbsp;?&nbsp;Soude,&nbsp;hors&nbsp;lit,&nbsp;l\u2019\u0153il&nbsp;\u00e0&nbsp;l\u2019aigle.&nbsp;En&nbsp;d\u00e9s&nbsp;pil\u00e9s,Le&nbsp;p\u00e8re&nbsp;eut&nbsp;mis&nbsp;Lalou&nbsp;vers&nbsp;Lyon&nbsp;sans&nbsp;de&nbsp;palesNues&nbsp;l\u00e0&nbsp;o\u00f9&nbsp;ce&nbsp;br\u00ealant&nbsp;d\u00fbt&nbsp;t\u2019endetter&nbsp;;&nbsp;il&nbsp;r\u00f4de. Le&nbsp;bon&nbsp;sait&nbsp;cr\u00e9er&nbsp;l\u2019\u0153uf&nbsp;rendant&nbsp;niais.&nbsp;Buck&nbsp;annulaitUne&nbsp;t\u00eate&nbsp;verte&nbsp;chou&nbsp;;&nbsp;jeune,&nbsp;bouda&nbsp;l\u2019os&nbsp;saint.Ayons&nbsp;d\u2019heureux&nbsp;soumis,&nbsp;Calvin&nbsp;peu&nbsp;tisse&nbsp;et&nbsp;luit. Hy\u00e8res,&nbsp;Fanny&nbsp;monta&nbsp;le&nbsp;di\u00e8se&nbsp;au&nbsp;loup&nbsp;(leu,&nbsp;gens&nbsp;d\u2019art&nbsp;!)On&nbsp;y&nbsp;a&nbsp;des&nbsp;airs&nbsp;beaux&nbsp;(Le&nbsp;Mans,&nbsp;faux&nbsp;chants,&nbsp;cro\u00e2&nbsp;!).Vis,&nbsp;erre,&nbsp;ris&nbsp;nutant,&nbsp;chou&nbsp;dur&nbsp;verreux&nbsp;!&nbsp;(doux&nbsp;train&nbsp;7). Vald&nbsp;Umeur&nbsp;D\u2019Orleux Ci-dessus un pilindrome de Le Dormeur du Val (Vald\u00a0Umeur\u00a0D\u2019Orleux)d&rsquo;Arthur Rimbaud ( Bohr, un rut ? &hellip; <\/p>\n<p class=\"link-more\"><a href=\"https:\/\/lesmotsbouscules.fr\/?page_id=588\" class=\"more-link\">Continuer la lecture<span class=\"screen-reader-text\"> de &laquo;&nbsp;Pilindromes&nbsp;&raquo;<\/span><\/a><\/p>\n","protected":false},"author":1,"featured_media":0,"parent":0,"menu_order":0,"comment_status":"closed","ping_status":"closed","template":"","meta":{"footnotes":""},"class_list":["post-588","page","type-page","status-publish","hentry"],"_links":{"self":[{"href":"https:\/\/lesmotsbouscules.fr\/index.php?rest_route=\/wp\/v2\/pages\/588","targetHints":{"allow":["GET"]}}],"collection":[{"href":"https:\/\/lesmotsbouscules.fr\/index.php?rest_route=\/wp\/v2\/pages"}],"about":[{"href":"https:\/\/lesmotsbouscules.fr\/index.php?rest_route=\/wp\/v2\/types\/page"}],"author":[{"embeddable":true,"href":"https:\/\/lesmotsbouscules.fr\/index.php?rest_route=\/wp\/v2\/users\/1"}],"replies":[{"embeddable":true,"href":"https:\/\/lesmotsbouscules.fr\/index.php?rest_route=%2Fwp%2Fv2%2Fcomments&post=588"}],"version-history":[{"count":19,"href":"https:\/\/lesmotsbouscules.fr\/index.php?rest_route=\/wp\/v2\/pages\/588\/revisions"}],"predecessor-version":[{"id":781,"href":"https:\/\/lesmotsbouscules.fr\/index.php?rest_route=\/wp\/v2\/pages\/588\/revisions\/781"}],"wp:attachment":[{"href":"https:\/\/lesmotsbouscules.fr\/index.php?rest_route=%2Fwp%2Fv2%2Fmedia&parent=588"}],"curies":[{"name":"wp","href":"https:\/\/api.w.org\/{rel}","templated":true}]}}