{"id":53,"date":"2020-11-10T22:05:05","date_gmt":"2020-11-10T21:05:05","guid":{"rendered":"http:\/\/lesmotsbouscules.fr\/?page_id=53"},"modified":"2022-03-12T21:30:59","modified_gmt":"2022-03-12T20:30:59","slug":"acrosemantiches","status":"publish","type":"page","link":"https:\/\/lesmotsbouscules.fr\/?page_id=53","title":{"rendered":"Acros\u00e9mantiches"},"content":{"rendered":"\n<p>Un acros\u00e9mantiche consiste en une double contrainte d&rsquo;\u00e9criture :<\/p>\n\n\n\n<ul class=\"wp-block-list\"><li> on choisit un mot pour l&rsquo;acrostiche (par exemple <mark style=\"background-color:rgba(0, 0, 0, 0)\" class=\"has-inline-color has-vivid-cyan-blue-color\"><strong>POEME<\/strong><\/mark>)<\/li><\/ul>\n\n\n\n<ul class=\"wp-block-list\"><li>on choisit un registre s\u00e9mantique (noms d&rsquo;animaux ; oulipiens fameux ; &#8230;)<\/li><\/ul>\n\n\n\n<p>                 et c&rsquo;est parti :<\/p>\n\n\n\n<p><strong><mark style=\"background-color:rgba(0, 0, 0, 0)\" class=\"has-inline-color has-vivid-cyan-blue-color\">P<\/mark><\/strong>EREC -cit\u00e9 d\u2019une autrice peroxyd\u00e9e au cortex id\u00e9al<br><strong><mark style=\"background-color:rgba(0, 0, 0, 0)\" class=\"has-inline-color has-vivid-cyan-blue-color\">O<\/mark><\/strong>ULIPO -talamus s\u2019amuse. Que jamais ne s\u2019usent les muses<br><strong><mark style=\"background-color:rgba(0, 0, 0, 0)\" class=\"has-inline-color has-vivid-cyan-blue-color\">E<\/mark><\/strong>TIENNE les rennes des antiennes oulipiennes<br><strong><mark style=\"background-color:rgba(0, 0, 0, 0)\" class=\"has-inline-color has-vivid-cyan-blue-color\">M<\/mark><\/strong>ELOIS -gnant en m\u2019empoignant loin des gnagnagnas. Ces jeux<br><strong><mark style=\"background-color:rgba(0, 0, 0, 0)\" class=\"has-inline-color has-vivid-cyan-blue-color\">E<\/mark><\/strong>T COPAINS -finiment la fine caque de mes nuits d\u2019ennuis !<\/p>\n\n\n\n<p>(des fois, il faut tricher un peu !)<\/p>\n\n\n\n<p>Le texte ci-dessus se lit comme :<br><mark style=\"background-color:rgba(0, 0, 0, 0)\" class=\"has-inline-color has-vivid-green-cyan-color\">P\u00e8re excit\u00e9 d\u2019une autrice peroxyd\u00e9e au cortex id\u00e9al<br>O\u00f9 l\u2019hypothalamus s\u2019amuse. Que jamais ne s\u2019usent les muses<br>Et tiennent les rennes des antiennes oulipiennes<br>M&rsquo;\u00e9loignant  en m\u2019empoignant loin des gnagnagnas. Ces jeux<br>Ecopent infiniment la fine caque de mes nuits d\u2019ennuis !<\/mark><\/p>\n\n\n\n<p>                  <\/p>\n\n\n\n<p>Quelques exemples d&rsquo;acros\u00e9mantiches :<br>      <\/p>\n\n\n\n<p class=\"has-text-align-center\"><strong><mark style=\"background-color:rgba(0, 0, 0, 0)\" class=\"has-inline-color has-vivid-cyan-blue-color\">CORONAVIRUS<\/mark><\/strong><\/p>\n\n\n\n<p><strong><mark style=\"background-color:rgba(0, 0, 0, 0)\" class=\"has-inline-color has-vivid-cyan-blue-color\">C<\/mark><\/strong>ACATO\u00c8S un cygne&nbsp;? Je consultais mon fr\u00e8re.<br><strong><mark style=\"background-color:rgba(0, 0, 0, 0)\" class=\"has-inline-color has-vivid-cyan-blue-color\">O<\/mark><\/strong>RIGNAL -\u00e0 nul myst\u00e8re, Transit ne ment pas&nbsp;!<br><strong><mark style=\"background-color:rgba(0, 0, 0, 0)\" class=\"has-inline-color has-vivid-cyan-blue-color\">R<\/mark><\/strong>AGONDIN peu ce que dit Galien&nbsp;: Des pri\u00e8res&nbsp;?<br><strong><mark style=\"background-color:rgba(0, 0, 0, 0)\" class=\"has-inline-color has-vivid-cyan-blue-color\">O<\/mark><\/strong>RNITHORYNQUE -linant, m\u00e9dus\u00e9, marteaux et bras<br><strong><mark style=\"background-color:rgba(0, 0, 0, 0)\" class=\"has-inline-color has-vivid-cyan-blue-color\">N<\/mark><\/strong>YALA ni Horus ne me furent salutaires<br><strong><mark style=\"background-color:rgba(0, 0, 0, 0)\" class=\"has-inline-color has-vivid-cyan-blue-color\">A<\/mark><\/strong>UTRUCHE -ments de nos tristes regards, je crus ma<br><strong><mark style=\"background-color:rgba(0, 0, 0, 0)\" class=\"has-inline-color has-vivid-cyan-blue-color\">V<\/mark><\/strong>IP\u00c8RE -due. Il appela nos amis, p\u00e8re et m\u00e8re<br><strong><mark style=\"background-color:rgba(0, 0, 0, 0)\" class=\"has-inline-color has-vivid-cyan-blue-color\">I<\/mark><\/strong>DE M\u00c9LANOTE -re \u00e9chevau de liens ici-bas.<br><strong><mark style=\"background-color:rgba(0, 0, 0, 0)\" class=\"has-inline-color has-vivid-cyan-blue-color\">R<\/mark><\/strong>HINOC\u00c9ROS mais on s\u2019en sort&nbsp;!, lan\u00e7a-t-il en l\u2019air&nbsp;!<br><strong><mark style=\"background-color:rgba(0, 0, 0, 0)\" class=\"has-inline-color has-vivid-cyan-blue-color\">U<\/mark><\/strong>NAU -tre nuit,&nbsp;je sais bien que je, dis-je \u00e0 papa<br><strong><mark style=\"background-color:rgba(0, 0, 0, 0)\" class=\"has-inline-color has-vivid-cyan-blue-color\">S<\/mark><\/strong>AUTERELLE -es piquets. Il me dit&nbsp;:&nbsp;Yack \u00e0 six fers&nbsp;!<\/p>\n\n\n\n<p><mark style=\"background-color:rgba(0, 0, 0, 0)\" class=\"has-inline-color has-vivid-green-cyan-color\">Caca t\u00f4t. Est-ce un signe\u00a0? Je consultais mon fr\u00e8re.<br>Or il n&rsquo;y a l\u00e0 nul myst\u00e8re, Transit ne ment pas\u00a0!<br>Raconte un peu ce que dit Galien\u00a0: Des pri\u00e8res\u00a0?<br>Or ni Thor inclinant, m\u00e9dus\u00e9, marteaux et bras<br>Ni Allah ni Horus ne me furent salutaires<br>Aux truchements de nos tristes regards, je crus ma<br>Vie perdue. Il appela nos amis, p\u00e8re et m\u00e8re<br>Il d\u00e9m\u00eala notre \u00e9chevau de liens ici-bas.<br>Rhino, c&rsquo;est rosse mais on s\u2019en sort\u00a0!, lan\u00e7a-t-il en l\u2019air\u00a0!<br>Une autre nuit,\u00a0je sais bien que je, dis-je \u00e0 papa<br>Sauterait les piquets. Il me dit\u00a0:\u00a0Y&rsquo;a qu&rsquo;\u00e0 s&rsquo;y faire\u00a0!<\/mark><\/p>\n\n\n\n<p class=\"has-text-align-center\"><em><strong><mark style=\"background-color:rgba(0, 0, 0, 0)\" class=\"has-inline-color has-vivid-cyan-blue-color\">POMPIDOU<\/mark><\/strong> <\/em><br><em>pour la biblioth\u00e8que Pompidou de Ch\u00e2lons-en-Champagne<\/em><\/p>\n\n\n\n<p><strong>P<\/strong>EREC -rivain, enfants r\u00eaveurs, dans les rayons se pressent.<br><strong>O<\/strong>UELLETTE -range aventure \u00e0 laquelle un lecteur s\u2019a-<br><strong>M<\/strong>ARCEL d\u2019un bateau et du malin Ulysse sur sa<br><strong>P<\/strong>ROUST -o\u00efque et bravant seul les chants envo\u00fbtants d\u2019une esp-<br><strong>I<\/strong>ONESCO -rtant un mange-mort enferm\u00e9 dans le corps<br><strong>D<\/strong>URAS -ycophante <em>animagus<\/em> Cro\u00fbtard, lequel pionce<br><strong>O<\/strong>UMHANI -gance un mauvais coup contre le p\u00e8re tons-<br><strong>U<\/strong>RENA -\u00eff Myriel offrant ses chandeliers en or&nbsp;?<\/p>\n\n\n\n<p><mark style=\"background-color:rgba(0, 0, 0, 0)\" class=\"has-inline-color has-vivid-green-cyan-color\">P\u00e8re \u00e9crivain, enfants r\u00eaveurs, dans les rayons se pressent.<br>O\u00f9 est-elle \u00e9trange aventure \u00e0 laquelle un lecteur s\u2019a-<br>&#8211; marre, celle d\u2019un bateau et du malin Ulysse sur sa<br>Proue sto\u00efque et bravant seul les chants envo\u00fbtants d\u2019une esp-<br>-ionneescortant un mange-mort enferm\u00e9 dans le corps<br>Du rat sycophante <em>animagus<\/em> Cro\u00fbtard, lequel pionce<br>ou manigance un mauvais coup contre le p\u00e8re tons-<br>-ur\u00e9, na\u00eff Myriel offrant ses chandeliers en or\u00a0?<\/mark><\/p>\n\n\n\n<p><br>       &#8211; <a href=\"http:\/\/lesmotsbouscules.fr\/?page_id=173\" data-type=\"URL\" data-id=\"http:\/\/lesmotsbouscules.fr\/?page_id=173\">Deux acros\u00e9mantiches dans les Avatars de Nerva<\/a>l<\/p>\n\n\n\n<p> &#8211; <a href=\"http:\/\/www.gef.free.fr\/oulipo38.html#date040621\" data-type=\"URL\" data-id=\"http:\/\/www.gef.free.fr\/oulipo38.html#date040621\">PHILHARMONIQUE<\/a> (par <a href=\"http:\/\/www.gef.free.fr\/index.html\" data-type=\"URL\" data-id=\"http:\/\/www.gef.free.fr\/index.html\">Gilles Esposito-Far\u00e8se<\/a>)<\/p>\n\n\n\n<p>Un acrOLOs\u00e9mantiche de <a href=\"http:\/\/www.gef.free.fr\/index.html\">Gilles Esposito-Far\u00e8se<\/a><br>      &#8211; <a href=\"http:\/\/www.gef.free.fr\/oulipo38.html#date070621\" data-type=\"URL\" data-id=\"http:\/\/www.gef.free.fr\/oulipo38.html#date070621\">PLURILINGUISME<\/a><\/p>\n","protected":false},"excerpt":{"rendered":"<p>Un acros\u00e9mantiche consiste en une double contrainte d&rsquo;\u00e9criture : on choisit un mot pour l&rsquo;acrostiche (par exemple POEME) on choisit un registre s\u00e9mantique (noms d&rsquo;animaux ; oulipiens fameux ; &#8230;) et c&rsquo;est parti : PEREC -cit\u00e9 d\u2019une autrice peroxyd\u00e9e au cortex id\u00e9alOULIPO -talamus s\u2019amuse. Que jamais ne s\u2019usent les musesETIENNE les rennes des antiennes oulipiennesMELOIS &hellip; <\/p>\n<p class=\"link-more\"><a href=\"https:\/\/lesmotsbouscules.fr\/?page_id=53\" class=\"more-link\">Continuer la lecture<span class=\"screen-reader-text\"> de &laquo;&nbsp;Acros\u00e9mantiches&nbsp;&raquo;<\/span><\/a><\/p>\n","protected":false},"author":1,"featured_media":0,"parent":0,"menu_order":0,"comment_status":"closed","ping_status":"closed","template":"","meta":{"footnotes":""},"class_list":["post-53","page","type-page","status-publish","hentry"],"_links":{"self":[{"href":"https:\/\/lesmotsbouscules.fr\/index.php?rest_route=\/wp\/v2\/pages\/53","targetHints":{"allow":["GET"]}}],"collection":[{"href":"https:\/\/lesmotsbouscules.fr\/index.php?rest_route=\/wp\/v2\/pages"}],"about":[{"href":"https:\/\/lesmotsbouscules.fr\/index.php?rest_route=\/wp\/v2\/types\/page"}],"author":[{"embeddable":true,"href":"https:\/\/lesmotsbouscules.fr\/index.php?rest_route=\/wp\/v2\/users\/1"}],"replies":[{"embeddable":true,"href":"https:\/\/lesmotsbouscules.fr\/index.php?rest_route=%2Fwp%2Fv2%2Fcomments&post=53"}],"version-history":[{"count":13,"href":"https:\/\/lesmotsbouscules.fr\/index.php?rest_route=\/wp\/v2\/pages\/53\/revisions"}],"predecessor-version":[{"id":434,"href":"https:\/\/lesmotsbouscules.fr\/index.php?rest_route=\/wp\/v2\/pages\/53\/revisions\/434"}],"wp:attachment":[{"href":"https:\/\/lesmotsbouscules.fr\/index.php?rest_route=%2Fwp%2Fv2%2Fmedia&parent=53"}],"curies":[{"name":"wp","href":"https:\/\/api.w.org\/{rel}","templated":true}]}}