{"id":392,"date":"2022-03-07T18:33:37","date_gmt":"2022-03-07T17:33:37","guid":{"rendered":"http:\/\/lesmotsbouscules.fr\/?page_id=392"},"modified":"2022-03-09T19:28:34","modified_gmt":"2022-03-09T18:28:34","slug":"seleneux","status":"publish","type":"page","link":"https:\/\/lesmotsbouscules.fr\/?page_id=392","title":{"rendered":"S\u00e9l\u00e9neux"},"content":{"rendered":"\n<p>Un s\u00e9l\u00e9net est un po\u00e8me de 8 vers que l&rsquo;on peut chanter sur l&rsquo;air de mon ami Pierrot en particulier, on prononcer le \u00ab\u00a0e\u00a0\u00bb final des vers impair)<\/p>\n\n\n\n<p><a href=\"https:\/\/taliporefleuri.fr\/contraintes\/#c_bobet\" data-type=\"URL\" data-id=\"https:\/\/taliporefleuri.fr\/contraintes\/#c_bobet\" target=\"_blank\" rel=\"noreferrer noopener\">Pour une g\u00e9n\u00e9ralisation de cette id\u00e9e<\/a><\/p>\n\n\n\n<p>Un s\u00e9l\u00e9neux joue sur le fait que l&rsquo;on prononce le \u00ab\u00a0e\u00a0\u00bb des vers \u00e0 rimes f\u00e9minines<\/p>\n\n\n\n<p>De&nbsp;la&nbsp;jambe&nbsp;\u00e0&nbsp;l&rsquo;aine,<br>Mets&nbsp;des&nbsp;bas&nbsp;laineux&nbsp;!<br>Si&nbsp;\u00e7a&nbsp;fait&nbsp;baleine,<br>On&nbsp;s&rsquo;en&nbsp;bat&nbsp;les&nbsp;n\u0153uds.<br><br>De&nbsp;la&nbsp;Tourbe&nbsp;\u00e0&nbsp;l&rsquo;Aisne,<br>Nul&nbsp;ne&nbsp;balaie,&nbsp;ne<br>Sent&nbsp;la&nbsp;zarbe&nbsp;haleine<br>Du&nbsp;bubale&nbsp;haineux.<\/p>\n\n\n\n<p>            <strong>\u0ce0<\/strong><\/p>\n\n\n\n<p>Voyez&nbsp;son&nbsp;courage<br>Dans&nbsp;la&nbsp;cour&nbsp;\u00e0&nbsp;jeux<br>O\u00f9&nbsp;les&nbsp;soirs&nbsp;d\u2019orage<br>Il&nbsp;tourne&nbsp;au&nbsp;rageux.<br><br>Visage&nbsp;livide,<br>Teint&nbsp;olive,&nbsp;hideux,<br>Son&nbsp;air&nbsp;scapho\u00efde<br>est&nbsp;typho\u00efdeux.<\/p>\n\n\n\n<p>    <strong>  \u0ce0<\/strong><\/p>\n","protected":false},"excerpt":{"rendered":"<p>Un s\u00e9l\u00e9net est un po\u00e8me de 8 vers que l&rsquo;on peut chanter sur l&rsquo;air de mon ami Pierrot en particulier, on prononcer le \u00ab\u00a0e\u00a0\u00bb final des vers impair) Pour une g\u00e9n\u00e9ralisation de cette id\u00e9e Un s\u00e9l\u00e9neux joue sur le fait que l&rsquo;on prononce le \u00ab\u00a0e\u00a0\u00bb des vers \u00e0 rimes f\u00e9minines De&nbsp;la&nbsp;jambe&nbsp;\u00e0&nbsp;l&rsquo;aine,Mets&nbsp;des&nbsp;bas&nbsp;laineux&nbsp;!Si&nbsp;\u00e7a&nbsp;fait&nbsp;baleine,On&nbsp;s&rsquo;en&nbsp;bat&nbsp;les&nbsp;n\u0153uds. De&nbsp;la&nbsp;Tourbe&nbsp;\u00e0&nbsp;l&rsquo;Aisne,Nul&nbsp;ne&nbsp;balaie,&nbsp;neSent&nbsp;la&nbsp;zarbe&nbsp;haleineDu&nbsp;bubale&nbsp;haineux. \u0ce0 Voyez&nbsp;son&nbsp;courageDans&nbsp;la&nbsp;cour&nbsp;\u00e0&nbsp;jeuxO\u00f9&nbsp;les&nbsp;soirs&nbsp;d\u2019orageIl&nbsp;tourne&nbsp;au&nbsp;rageux. Visage&nbsp;livide,Teint&nbsp;olive,&nbsp;hideux,Son&nbsp;air&nbsp;scapho\u00efdeest&nbsp;typho\u00efdeux. &hellip; <\/p>\n<p class=\"link-more\"><a href=\"https:\/\/lesmotsbouscules.fr\/?page_id=392\" class=\"more-link\">Continuer la lecture<span class=\"screen-reader-text\"> de &laquo;&nbsp;S\u00e9l\u00e9neux&nbsp;&raquo;<\/span><\/a><\/p>\n","protected":false},"author":1,"featured_media":0,"parent":0,"menu_order":0,"comment_status":"closed","ping_status":"closed","template":"","meta":{"footnotes":""},"class_list":["post-392","page","type-page","status-publish","hentry"],"_links":{"self":[{"href":"https:\/\/lesmotsbouscules.fr\/index.php?rest_route=\/wp\/v2\/pages\/392","targetHints":{"allow":["GET"]}}],"collection":[{"href":"https:\/\/lesmotsbouscules.fr\/index.php?rest_route=\/wp\/v2\/pages"}],"about":[{"href":"https:\/\/lesmotsbouscules.fr\/index.php?rest_route=\/wp\/v2\/types\/page"}],"author":[{"embeddable":true,"href":"https:\/\/lesmotsbouscules.fr\/index.php?rest_route=\/wp\/v2\/users\/1"}],"replies":[{"embeddable":true,"href":"https:\/\/lesmotsbouscules.fr\/index.php?rest_route=%2Fwp%2Fv2%2Fcomments&post=392"}],"version-history":[{"count":2,"href":"https:\/\/lesmotsbouscules.fr\/index.php?rest_route=\/wp\/v2\/pages\/392\/revisions"}],"predecessor-version":[{"id":412,"href":"https:\/\/lesmotsbouscules.fr\/index.php?rest_route=\/wp\/v2\/pages\/392\/revisions\/412"}],"wp:attachment":[{"href":"https:\/\/lesmotsbouscules.fr\/index.php?rest_route=%2Fwp%2Fv2%2Fmedia&parent=392"}],"curies":[{"name":"wp","href":"https:\/\/api.w.org\/{rel}","templated":true}]}}