{"id":385,"date":"2022-03-07T18:06:54","date_gmt":"2022-03-07T17:06:54","guid":{"rendered":"http:\/\/lesmotsbouscules.fr\/?page_id=385"},"modified":"2022-09-01T10:55:34","modified_gmt":"2022-09-01T08:55:34","slug":"sornnettes-variees","status":"publish","type":"page","link":"https:\/\/lesmotsbouscules.fr\/?page_id=385","title":{"rendered":"Sornnettes vari\u00e9es"},"content":{"rendered":"\n<p class=\"has-text-align-center\"><strong><em>A la foire de Ch\u00e2lons<\/em><\/strong><\/p>\n\n\n\n<p class=\"has-text-align-center\"><strong><mark style=\"background-color:rgba(0, 0, 0, 0)\" class=\"has-inline-color has-luminous-vivid-orange-color\">Le<\/mark> <mark style=\"background-color:rgba(0, 0, 0, 0)\" class=\"has-inline-color has-vivid-red-color\">R\u00e9<\/mark><mark style=\"background-color:rgba(0, 0, 0, 0)\" class=\"has-inline-color has-vivid-purple-color\">mois<\/mark> <br><mark style=\"background-color:rgba(0, 0, 0, 0)\" class=\"has-inline-color has-vivid-green-cyan-color\">Ha<\/mark><mark style=\"background-color:rgba(0, 0, 0, 0)\" class=\"has-inline-color has-cyan-bluish-gray-color\">che. A<\/mark><mark style=\"background-color:rgba(0, 0, 0, 0)\" class=\"has-inline-color has-vivid-cyan-blue-color\">llons ! <\/mark><br><mark style=\"background-color:rgba(0, 0, 0, 0)\" class=\"has-inline-color has-vivid-green-cyan-color\">A<\/mark><mark style=\"background-color:rgba(0, 0, 0, 0)\" class=\"has-inline-color has-cyan-bluish-gray-color\">cha<\/mark><mark style=\"background-color:rgba(0, 0, 0, 0)\" class=\"has-inline-color has-vivid-cyan-blue-color\">lons <\/mark><br><mark style=\"background-color:rgba(0, 0, 0, 0)\" class=\"has-inline-color has-luminous-vivid-orange-color\">Leu<\/mark><mark style=\"background-color:rgba(0, 0, 0, 0)\" class=\"has-inline-color has-vivid-red-color\">r \u00e9<\/mark><mark style=\"background-color:rgba(0, 0, 0, 0)\" class=\"has-inline-color has-vivid-purple-color\">moi !<\/mark> <\/strong><\/p>\n\n\n\n<p class=\"has-text-align-center\"><strong><mark style=\"background-color:rgba(0, 0, 0, 0)\" class=\"has-inline-color has-vivid-green-cyan-color\">A<\/mark><mark style=\"background-color:rgba(0, 0, 0, 0)\" class=\"has-inline-color has-cyan-bluish-gray-color\">chats<\/mark><mark style=\"background-color:rgba(0, 0, 0, 0)\" class=\"has-inline-color has-vivid-cyan-blue-color\"> longs, <\/mark><br><mark style=\"background-color:rgba(0, 0, 0, 0)\" class=\"has-inline-color has-luminous-vivid-orange-color\">Leu<\/mark><mark style=\"background-color:rgba(0, 0, 0, 0)\" class=\"has-inline-color has-vivid-red-color\">rrez-<\/mark><mark style=\"background-color:rgba(0, 0, 0, 0)\" class=\"has-inline-color has-vivid-purple-color\">moi :<\/mark><br><mark style=\"background-color:rgba(0, 0, 0, 0)\" class=\"has-inline-color has-luminous-vivid-orange-color\">L&rsquo;heu<\/mark><mark style=\"background-color:rgba(0, 0, 0, 0)\" class=\"has-inline-color has-vivid-red-color\">re est <\/mark><mark style=\"background-color:rgba(0, 0, 0, 0)\" class=\"has-inline-color has-vivid-purple-color\">mois<\/mark><br><mark style=\"background-color:rgba(0, 0, 0, 0)\" class=\"has-inline-color has-vivid-green-cyan-color\">A<\/mark> <mark style=\"background-color:rgba(0, 0, 0, 0)\" class=\"has-inline-color has-cyan-bluish-gray-color\">Ch\u00e2<\/mark><mark style=\"background-color:rgba(0, 0, 0, 0)\" class=\"has-inline-color has-vivid-cyan-blue-color\">lons. <\/mark><\/strong><\/p>\n\n\n\n<p class=\"has-text-align-center\"><strong><mark style=\"background-color:rgba(0, 0, 0, 0)\" class=\"has-inline-color has-vivid-cyan-blue-color\">On<\/mark> <mark style=\"background-color:rgba(0, 0, 0, 0)\" class=\"has-inline-color has-cyan-bluish-gray-color\">cha<\/mark><mark style=\"background-color:rgba(0, 0, 0, 0)\" class=\"has-inline-color has-vivid-cyan-blue-color\">l<\/mark><mark style=\"background-color:rgba(0, 0, 0, 0)\" class=\"has-inline-color has-vivid-green-cyan-color\">a<\/mark> <br><mark style=\"background-color:rgba(0, 0, 0, 0)\" class=\"has-inline-color has-luminous-vivid-orange-color\">Le<\/mark><mark style=\"background-color:rgba(0, 0, 0, 0)\" class=\"has-inline-color has-vivid-red-color\"> r<\/mark><mark style=\"background-color:rgba(0, 0, 0, 0)\" class=\"has-inline-color has-vivid-purple-color\">oi m<\/mark><mark style=\"background-color:rgba(0, 0, 0, 0)\" class=\"has-inline-color has-vivid-red-color\">ais<\/mark> <br><mark style=\"background-color:rgba(0, 0, 0, 0)\" class=\"has-inline-color has-vivid-purple-color\">Oi<\/mark><mark style=\"background-color:rgba(0, 0, 0, 0)\" class=\"has-inline-color has-vivid-red-color\">r<\/mark> <mark style=\"background-color:rgba(0, 0, 0, 0)\" class=\"has-inline-color has-luminous-vivid-orange-color\">l&rsquo;<\/mark><mark style=\"background-color:rgba(0, 0, 0, 0)\" class=\"has-inline-color has-vivid-red-color\">\u00e9<\/mark><mark style=\"background-color:rgba(0, 0, 0, 0)\" class=\"has-inline-color has-vivid-purple-color\">m<\/mark><mark style=\"background-color:rgba(0, 0, 0, 0)\" class=\"has-inline-color has-luminous-vivid-orange-color\">eut.<\/mark><\/strong><mark style=\"background-color:rgba(0, 0, 0, 0)\" class=\"has-inline-color has-luminous-vivid-orange-color\"> <\/mark><\/p>\n\n\n\n<p class=\"has-text-align-center\"><mark style=\"background-color:rgba(0, 0, 0, 0)\" class=\"has-inline-color has-vivid-red-color\"><strong>Air<\/strong><\/mark><mark style=\"background-color:rgba(0, 0, 0, 0)\" class=\"has-inline-color has-luminous-vivid-orange-color\"><strong> <\/strong><\/mark><mark style=\"background-color:rgba(0, 0, 0, 0)\" class=\"has-inline-color has-vivid-purple-color\"><strong>moe<\/strong><\/mark><mark style=\"background-color:rgba(0, 0, 0, 0)\" class=\"has-inline-color has-luminous-vivid-orange-color\"><strong>lleux, <br><\/strong><\/mark><strong><mark style=\"background-color:rgba(0, 0, 0, 0)\" class=\"has-inline-color has-vivid-cyan-blue-color\">On l<\/mark><\/strong><mark style=\"background-color:rgba(0, 0, 0, 0)\" class=\"has-inline-color has-cyan-bluish-gray-color\"><strong>\u00e2ch<\/strong><\/mark><mark style=\"background-color:rgba(0, 0, 0, 0)\" class=\"has-inline-color has-vivid-green-cyan-color\"><strong>a<\/strong><\/mark><mark style=\"background-color:rgba(0, 0, 0, 0)\" class=\"has-inline-color has-luminous-vivid-orange-color\"><strong> <br>Le <\/strong><\/mark><mark style=\"background-color:rgba(0, 0, 0, 0)\" class=\"has-inline-color has-vivid-purple-color\"><strong>moi<\/strong><\/mark><mark style=\"background-color:rgba(0, 0, 0, 0)\" class=\"has-inline-color has-vivid-red-color\"><strong>r\u00e9<\/strong><\/mark><mark style=\"background-color:rgba(0, 0, 0, 0)\" class=\"has-inline-color has-luminous-vivid-orange-color\"><strong>.<\/strong><\/mark><\/p>\n\n\n\n<p>Sonnets de vers holorimes ou anaphones.<\/p>\n\n\n\n<p>Petite ex\u00e9g\u00e8se : <\/p>\n\n\n\n<p><strong><mark style=\"background-color:rgba(0, 0, 0, 0)\" class=\"has-inline-color has-black-color\">Le R\u00e9mois <br>Hache. Allons ! <\/mark><\/strong><br>Sur certains stands de la foire de Ch\u00e2lons, on peut essayer  des mixers dernier cri.<br>Quand le voisin r\u00e9mois s&rsquo;avance, le camelot l&rsquo;encourage.<\/p>\n\n\n\n<p><strong><mark style=\"background-color:rgba(0, 0, 0, 0)\" class=\"has-inline-color has-black-color\">Achalons <br>Leur \u00e9moi ! <\/mark><\/strong><br>\u00ab\u00a0achaler\u00a0\u00bb signifie \u00ab\u00a0agacer\u00a0\u00bb ou \u00ab\u00a0exciter\u00a0\u00bb .<br> le camelot a ses techniques pour accrocher le badaud :<br><strong><mark>Achats longs,<\/mark><br><mark>Leurrez-moi :<\/mark><br><mark>L&rsquo;heure est mois<\/mark><br><mark>A<\/mark> <mark>Ch\u00e2lons.<\/mark><\/strong><\/p>\n\n\n\n<p><strong><mark>On<\/mark> <mark>chala<\/mark><br><mark>Le roi mais<\/mark><br><mark>Oir<\/mark> <mark>l&rsquo;\u00e9meut.<\/mark><\/strong><br>\u00ab\u00a0chaler\u00a0\u00bb signifie \u00ab\u00a0transporter\u00a0\u00bb<br>\u00ab\u00a0Oir\u00a0\u00bb est l&rsquo;ancien fran\u00e7ais pour \u00ab\u00a0ou\u00efr\u00a0\u00bb (entendre)<br>-&gt; \u00ab\u00a0On promena le client mais la musique l&rsquo;\u00e9meut\u00a0\u00bb <br>La foire de Ch\u00e2lons propose chaque soir un concert en plein air.<\/p>\n\n\n\n<p><mark><strong>Air moelleux,<br><\/strong><\/mark><strong><mark>On l<\/mark><\/strong><mark><strong>\u00e2cha<br>Le moir\u00e9.<\/strong><\/mark><br>La musique et les strass (le moir\u00e9) \u00e0 la foire de Ch\u00e4lons.<\/p>\n\n\n\n<hr class=\"wp-block-separator has-alpha-channel-opacity\"\/>\n\n\n\n<p class=\"has-text-align-center\"><mark style=\"background-color:rgba(0, 0, 0, 0)\" class=\"has-inline-color has-vivid-cyan-blue-color\"><strong>\u00c9ve et Adam (rimes pour l\u2019\u0153il)<\/strong><\/mark><\/p>\n\n\n\n<p class=\"has-text-align-center\"><mark style=\"background-color:rgba(0, 0, 0, 0)\" class=\"has-inline-color has-vivid-cyan-blue-color\">\u00ab\u00a0N\u00e9guev<\/mark><br><mark style=\"background-color:rgba(0, 0, 0, 0)\" class=\"has-inline-color has-vivid-cyan-blue-color\">de\u00a0r\u00eave\u00a0&#8230;\u00a0\u00bb,<br>Songe\u00a0\u00c9ve<br>\u00e0\u00a0Kiev.<br><br>Adam<\/mark><br><mark style=\"background-color:rgba(0, 0, 0, 0)\" class=\"has-inline-color has-vivid-cyan-blue-color\">la bl\u00e2me<br>et\u00a0clame<br>son\u00a0dam.<br><br>Ils\u00a0fument<br>et\u00a0clument<\/mark><br><mark style=\"background-color:rgba(0, 0, 0, 0)\" class=\"has-inline-color has-vivid-cyan-blue-color\">n\u00fbment.<br><br>Ils\u00a0s\u2019aiment,<br>essaiment<br>vraiment.<\/mark><\/p>\n\n\n\n<p>(sonnet de dissyllabes avec quelques rimes pour l\u2019\u0153il)<br><mark style=\"background-color:rgba(0, 0, 0, 0)\" class=\"has-inline-color has-vivid-cyan-blue-color\">Kiev<\/mark> peut se prononcer <a href=\"https:\/\/fr.wiktionary.org\/wiki\/Annexe:Prononciation\/fran%C3%A7ais\">\\kj\u025bv\\<\/a> ou <a href=\"https:\/\/fr.wiktionary.org\/wiki\/Annexe:Prononciation\/fran%C3%A7ais\">\\kj\u025bf\\<\/a> <br>mais <mark style=\"background-color:rgba(0, 0, 0, 0)\" class=\"has-inline-color has-vivid-cyan-blue-color\">N\u00e9guev<\/mark> ne se prononce que <a href=\"https:\/\/fr.wiktionary.org\/wiki\/Annexe:Prononciation\/fran%C3%A7ais\">\\ne.\u0261\u025bv\\<\/a><br>La derni\u00e8re syllabe d&rsquo;<mark style=\"background-color:rgba(0, 0, 0, 0)\" class=\"has-inline-color has-vivid-cyan-blue-color\">Adam<\/mark> et de <mark style=\"background-color:rgba(0, 0, 0, 0)\" class=\"has-inline-color has-vivid-cyan-blue-color\">dam<\/mark> peuvent toutes les deux se prononcer <a href=\"https:\/\/fr.wiktionary.org\/wiki\/Annexe:Prononciation\/fran%C3%A7ais\">\\dam\\<\/a> ou <a href=\"https:\/\/fr.wiktionary.org\/wiki\/Annexe:Prononciation\/fran%C3%A7ais\">\\d\u0251\u0303\\<\/a><\/p>\n\n\n\n<p class=\"has-text-align-left\">          <strong><mark style=\"background-color:rgba(0, 0, 0, 0)\" class=\"has-inline-color has-black-color\">\u0b9c<\/mark><\/strong><\/p>\n\n\n\n<p class=\"has-text-align-left\"><mark style=\"background-color:rgba(0, 0, 0, 0)\" class=\"has-inline-color has-vivid-cyan-blue-color\">Vivre<br>dans<br>d\u2019ivres<br>vents<br><br>Libre<br>Vers<br>Vibre<br>L\u2019air<br><br>\u00catre<br>Peut<br>Peut-\u00eatre<br>\u00catre<br>Peu<\/mark><\/p>\n\n\n\n<p>       <strong><mark style=\"background-color:rgba(0, 0, 0, 0)\" class=\"has-inline-color has-black-color\">\u0b9c<\/mark><\/strong><\/p>\n\n\n\n<p>Sonnets de lettres sur le mod\u00e8le de rimes abba cddc dde fef <\/p>\n\n\n\n<p><mark style=\"background-color:rgba(0, 0, 0, 0)\" class=\"has-inline-color has-vivid-cyan-blue-color\">Elle\u00a0va\u00a0\u00e0\u00a0Veen,\u00a0Ana\u00a0?<\/mark><\/p>\n\n\n\n<p><mark style=\"background-color:rgba(0, 0, 0, 0)\" class=\"has-inline-color has-luminous-vivid-amber-color\">On\u00a0note\u00a0\u00e9t\u00e9\u00a0et\u00a0\u00e9t\u00e9<\/mark><\/p>\n\n\n\n<p><mark style=\"background-color:rgba(0, 0, 0, 0)\" class=\"has-inline-color has-vivid-green-cyan-color\">Il\u00a0lime\u00a0Ema\u00a0\u00e0\u00a0gogo.<\/mark><\/p>\n\n\n\n<p>         <strong><mark style=\"background-color:rgba(0, 0, 0, 0)\" class=\"has-inline-color has-black-color\">\u0b9c<\/mark><\/strong><\/p>\n\n\n\n<p><a href=\"http:\/\/www.gef.free.fr\/oulipo39.html#date041221\" data-type=\"URL\" data-id=\"http:\/\/www.gef.free.fr\/oulipo39.html#date041221\">Pour d&rsquo;aut<\/a><a href=\"http:\/\/www.gef.free.fr\/oulipo39.html#date041221\" data-type=\"URL\" data-id=\"http:\/\/www.gef.free.fr\/oulipo39.html#date041221\" target=\"_blank\" rel=\"noreferrer noopener\">res g\u00e9n\u00e9ralisations de la forme du sonnet<\/a><\/p>\n\n\n\n<p> <strong><mark style=\"background-color:rgba(0, 0, 0, 0)\" class=\"has-inline-color has-black-color\">       \u0b9c<\/mark><\/strong><\/p>\n\n\n\n<p><mark style=\"background-color:rgba(0, 0, 0, 0)\" class=\"has-inline-color has-vivid-green-cyan-color\">Il\u00a0l&rsquo;aper\u00e7ut\u00a0assise\u00a0\u00e0\u00a0l\u2019avant\u00a0d\u2019un\u00a0bouri<br>Lascive\u00a0sur\u00a0la\u00a0proue,\u00a0corde\u00a0d\u2019un\u00a0arc-en-ciel,<br>La\u00a0silhouette\u00a0oblongue\u00a0aux\u00a0promesses\u00a0de\u00a0miel.<br>Irr\u00e9fragablement,\u00a0Ema\u00a0avait\u00a0souri.<\/mark><br><br><mark style=\"background-color:rgba(0, 0, 0, 0)\" class=\"has-inline-color has-vivid-green-cyan-color\">Muse,\u00a0elle\u00a0s\u2019effa\u00e7a\u00a0&#8211;\u00a0La\u00a0fumerie\u00a0d\u2019opium<br>\u00c9tourdissait\u00a0les\u00a0rues\u00a0et\u00a0les\u00a0noyait\u00a0de\u00a0brume\u00a0&#8211;<br>Et\u00a0revint\u00a0\u00e0\u00a0demi\u00a0comme\u00a0un\u00a0parfum\u00a0d\u2019agrume<br>Myst\u00e9rieuse\u00a0f\u00e9e\u00a0&#8211;\u00a0tournis\u00a0de\u00a0delirium\u00a0&#8211;<br><br>Attrapant\u00a0en\u00a0son\u00a0c\u0153ur\u00a0les\u00a0r\u00eaves\u00a0de\u00a0Changsha<br>Aux\u00a0fleurs\u00a0imagin\u00e9es\u00a0des\u00a0ombres\u00a0de\u00a0geisha,<br>G\u00e9om\u00e9triquement,\u00a0de\u00a0farsang\u00a0en\u00a0farsang,<br>Osa-t-il\u00a0l\u2019emmener\u00a0dans\u00a0son\u00a0Koulp\u00e9logo,<br>G\u00e2per\u00a0\u00e0\u00a0travers\u00a0monde\u00a0et\u00a0y\u00a0m\u00ealer\u00a0son\u00a0sang\u00a0?<br><br>\u00d4\u00a0Dieu,\u00a0tais\u00a0\u00e0\u00a0jamais\u00a0ce\u00a0qu\u2019ils\u00a0font\u00a0\u00e0\u00a0Gogo\u00a0!<\/mark><\/p>\n\n\n\n<p>          <strong><mark style=\"background-color:rgba(0, 0, 0, 0)\" class=\"has-inline-color has-black-color\">\u0b9c<\/mark><\/strong><\/p>\n\n\n\n<p><\/p>\n","protected":false},"excerpt":{"rendered":"<p>A la foire de Ch\u00e2lons Le R\u00e9mois Hache. Allons ! Achalons Leur \u00e9moi ! Achats longs, Leurrez-moi :L&rsquo;heure est moisA Ch\u00e2lons. On chala Le roi mais Oir l&rsquo;\u00e9meut. Air moelleux, On l\u00e2cha Le moir\u00e9. Sonnets de vers holorimes ou anaphones. Petite ex\u00e9g\u00e8se : Le R\u00e9mois Hache. Allons ! Sur certains stands de la foire de &hellip; <\/p>\n<p class=\"link-more\"><a href=\"https:\/\/lesmotsbouscules.fr\/?page_id=385\" class=\"more-link\">Continuer la lecture<span class=\"screen-reader-text\"> de &laquo;&nbsp;Sornnettes vari\u00e9es&nbsp;&raquo;<\/span><\/a><\/p>\n","protected":false},"author":1,"featured_media":0,"parent":0,"menu_order":0,"comment_status":"closed","ping_status":"closed","template":"","meta":{"footnotes":""},"class_list":["post-385","page","type-page","status-publish","hentry"],"_links":{"self":[{"href":"https:\/\/lesmotsbouscules.fr\/index.php?rest_route=\/wp\/v2\/pages\/385","targetHints":{"allow":["GET"]}}],"collection":[{"href":"https:\/\/lesmotsbouscules.fr\/index.php?rest_route=\/wp\/v2\/pages"}],"about":[{"href":"https:\/\/lesmotsbouscules.fr\/index.php?rest_route=\/wp\/v2\/types\/page"}],"author":[{"embeddable":true,"href":"https:\/\/lesmotsbouscules.fr\/index.php?rest_route=\/wp\/v2\/users\/1"}],"replies":[{"embeddable":true,"href":"https:\/\/lesmotsbouscules.fr\/index.php?rest_route=%2Fwp%2Fv2%2Fcomments&post=385"}],"version-history":[{"count":9,"href":"https:\/\/lesmotsbouscules.fr\/index.php?rest_route=\/wp\/v2\/pages\/385\/revisions"}],"predecessor-version":[{"id":690,"href":"https:\/\/lesmotsbouscules.fr\/index.php?rest_route=\/wp\/v2\/pages\/385\/revisions\/690"}],"wp:attachment":[{"href":"https:\/\/lesmotsbouscules.fr\/index.php?rest_route=%2Fwp%2Fv2%2Fmedia&parent=385"}],"curies":[{"name":"wp","href":"https:\/\/api.w.org\/{rel}","templated":true}]}}