{"id":316,"date":"2022-01-21T14:03:46","date_gmt":"2022-01-21T13:03:46","guid":{"rendered":"http:\/\/lesmotsbouscules.fr\/?page_id=316"},"modified":"2022-01-21T14:13:53","modified_gmt":"2022-01-21T13:13:53","slug":"chicagolorime","status":"publish","type":"page","link":"https:\/\/lesmotsbouscules.fr\/?page_id=316","title":{"rendered":"Chicagolorime"},"content":{"rendered":"\n<p>La contrainte <strong><em>Chicago<\/em><\/strong> consiste \u00e0 faire deviner un mot ou une expression en la d\u00e9coupant comme pour une charade.<br>Exemple : Pantalon &#8211;&gt; <span class=\"has-inline-color has-vivid-cyan-blue-color\">Paon<\/span> \/ <span class=\"has-inline-color has-vivid-purple-color\">Talon<\/span><br>On propose alors au devineur une s\u00e9rie d&rsquo;associations proches de celle-ci<br>Exemple : <br><span class=\"has-inline-color has-vivid-cyan-blue-color\">Faisan<\/span> \/ <span class=\"has-inline-color has-vivid-purple-color\">Cheville<\/span><br><span class=\"has-inline-color has-vivid-cyan-blue-color\">Cygne<\/span> \/ <span class=\"has-inline-color has-vivid-purple-color\">Orteil<\/span><br><span class=\"has-inline-color has-vivid-cyan-blue-color\">Dinde<\/span> \/ <span class=\"has-inline-color has-vivid-purple-color\">Tibia<\/span><\/p>\n\n\n\n<p>Pour corser un peu le jeu, on pourrait chercher deux mots qui produisent un certain effet.<br>Exemple :  <span class=\"has-inline-color has-vivid-cyan-blue-color\">Geai<\/span> \/ <span class=\"has-inline-color has-vivid-purple-color\">Pied<\/span>  (qui se prononce comme \u00ab J&rsquo;ai pied ! \u00bb)<br>       ou  <span class=\"has-inline-color has-vivid-cyan-blue-color\">Gu\u00eapier<\/span> \/ <span class=\"has-inline-color has-vivid-purple-color\">Pied<\/span>  (qui sonne de mani\u00e8re rigolote)<\/p>\n\n\n\n<p>Pour se donner un peu d&rsquo;air, on peut \u00e9tendre <span class=\"has-inline-color has-vivid-cyan-blue-color\">le premier registre \u00e0 celui de tous les animaux<\/span> et <span class=\"has-inline-color has-vivid-purple-color\">le second \u00e0 toutes les parties du corps<\/span>.<br>Exemple :  <span class=\"has-inline-color has-vivid-cyan-blue-color\">Cerf<\/span> \/ <span class=\"has-inline-color has-vivid-purple-color\">T\u00eate<\/span>  (qui se prononce comme \u00ab serre-t\u00eate \u00bb) <br>                 ou     <span class=\"has-inline-color has-vivid-cyan-blue-color\">Ver<\/span> \/ <span class=\"has-inline-color has-vivid-purple-color\">Dos<\/span>  (qui se prononce comme \u00ab verre d&rsquo;eau \u00bb)  <\/p>\n\n\n\n<p>Le<strong><em> chicagolorime<\/em><\/strong> consiste \u00e0 produire un texte (plus ou moins abscons) homophone \u00e0 la s\u00e9rie d&rsquo;associations choisie.<br>Exemple : <br>&#8212;<br>\u00d4&nbsp;ma&nbsp;reine,&nbsp;veuve&nbsp;du&nbsp;para&nbsp;\u2013&nbsp;direct&nbsp;homme&nbsp;&#8211;<br>Ton&nbsp;c\u0153ur&nbsp;a&nbsp;r\u00e9gn\u00e9&nbsp;dans&nbsp;la&nbsp;branche&nbsp;d\u2019orme&nbsp;et&nbsp;le&nbsp;tronc. <br>\u00d4,&nbsp;tu&nbsp;mets&nbsp;en&nbsp;terre&nbsp;vivement&nbsp;ton&nbsp;serre-t\u00eate. Les&nbsp;romains&nbsp;t\u2019ont&nbsp;couvert&nbsp;d\u2019or&nbsp;ou&nbsp;jais&nbsp;faste&nbsp;et&nbsp;tarbouches.<br>&#8212;<br>homophone \u00e0 :<br>&#8212;<br><span class=\"has-inline-color has-vivid-cyan-blue-color\">Homard<\/span>&nbsp;\/&nbsp;<span class=\"has-inline-color has-vivid-purple-color\">Aine<\/span><br><span class=\"has-inline-color has-vivid-cyan-blue-color\">Veuve&nbsp;du&nbsp;paradis<\/span>&nbsp;\/&nbsp;<span class=\"has-inline-color has-vivid-purple-color\">Rectum<\/span><br><span class=\"has-inline-color has-vivid-cyan-blue-color\">Thon<\/span>&nbsp;\/<span class=\"has-inline-color has-vivid-purple-color\">&nbsp;C\u0153ur<\/span><br><span class=\"has-inline-color has-vivid-cyan-blue-color\">Araign\u00e9e<\/span>&nbsp;\/<span class=\"has-inline-color has-vivid-purple-color\">&nbsp;Dent<\/span><br><span class=\"has-inline-color has-vivid-cyan-blue-color\">Labre<\/span>&nbsp;\/&nbsp;<span class=\"has-inline-color has-vivid-purple-color\">Hanche<\/span><br><span class=\"has-inline-color has-vivid-cyan-blue-color\">Dormelle<\/span>&nbsp;\/&nbsp;<span class=\"has-inline-color has-vivid-purple-color\">Tronc<\/span><br><span class=\"has-inline-color has-vivid-cyan-blue-color\">Hotu<\/span>&nbsp;\/&nbsp;<span class=\"has-inline-color has-vivid-purple-color\">M\u00e9sent\u00e8re<\/span><br><span class=\"has-inline-color has-vivid-cyan-blue-color\">Vive<\/span>&nbsp;\/&nbsp;<span class=\"has-inline-color has-vivid-purple-color\">Menton<\/span><br><span class=\"has-inline-color has-vivid-cyan-blue-color\">Cerf<\/span>&nbsp;\/&nbsp;<span class=\"has-inline-color has-vivid-purple-color\">T\u00eate<\/span><br><span class=\"has-inline-color has-vivid-cyan-blue-color\">L\u00e9rot<\/span>&nbsp;\/&nbsp;<span class=\"has-inline-color has-vivid-purple-color\">Main<\/span><br><span class=\"has-inline-color has-vivid-cyan-blue-color\">Thon<\/span>&nbsp;\/&nbsp;<span class=\"has-inline-color has-vivid-purple-color\">Cou<\/span><br><span class=\"has-inline-color has-vivid-cyan-blue-color\">Ver<\/span>&nbsp;\/&nbsp;<span class=\"has-inline-color has-vivid-purple-color\">Dos<\/span><br><span class=\"has-inline-color has-vivid-cyan-blue-color\">Rouget<\/span>&nbsp;\/&nbsp;<span class=\"has-inline-color has-vivid-purple-color\">Face<\/span><br><span class=\"has-inline-color has-vivid-cyan-blue-color\">T\u00eatard&nbsp;<\/span>\/&nbsp;<span class=\"has-inline-color has-vivid-purple-color\">Bouche<\/span><br>dont la solution est toujours <span class=\"has-inline-color has-vivid-cyan-blue-color\">pan<\/span><span class=\"has-inline-color has-vivid-purple-color\">talon<\/span> comme depuis le d\u00e9but.<\/p>\n\n\n\n<p>Autres chicagolorimes :<\/p>\n\n\n\n<p>&#8212;<br>A pied, deux poules b\u00e9casses hissaient sur Odette, Hubert, h\u00e8re fraise et falot. Est-ce G\u00e9g\u00e9 ? Sache que deux li\u00e9s vrill\u00e8rent bas la glace !<br>&#8212;<br>homophone \u00e0 :<br>&#8212;<br>A \/ Pied-de-poule<br>B \/ Cassis<br>C \/ Sureau<br>D \/ Tub\u00e9raire<br>E \/ Fraise<br>F \/ Alo\u00e8s<br>G \/ Gesse<br>H \/ Queue-de-li\u00e8vre<br> I \/ Herbe \u00e0 la glace<br>&#8212;<br><strong><em>Chicago<\/em><\/strong> dont la solution est :<br>K \/ Lin     (c\u00e2lin)<\/p>\n","protected":false},"excerpt":{"rendered":"<p>La contrainte Chicago consiste \u00e0 faire deviner un mot ou une expression en la d\u00e9coupant comme pour une charade.Exemple : Pantalon &#8211;&gt; Paon \/ TalonOn propose alors au devineur une s\u00e9rie d&rsquo;associations proches de celle-ciExemple : Faisan \/ ChevilleCygne \/ OrteilDinde \/ Tibia Pour corser un peu le jeu, on pourrait chercher deux mots qui &hellip; <\/p>\n<p class=\"link-more\"><a href=\"https:\/\/lesmotsbouscules.fr\/?page_id=316\" class=\"more-link\">Continuer la lecture<span class=\"screen-reader-text\"> de &laquo;&nbsp;Chicagolorime&nbsp;&raquo;<\/span><\/a><\/p>\n","protected":false},"author":1,"featured_media":0,"parent":0,"menu_order":0,"comment_status":"closed","ping_status":"closed","template":"","meta":{"footnotes":""},"class_list":["post-316","page","type-page","status-publish","hentry"],"_links":{"self":[{"href":"https:\/\/lesmotsbouscules.fr\/index.php?rest_route=\/wp\/v2\/pages\/316","targetHints":{"allow":["GET"]}}],"collection":[{"href":"https:\/\/lesmotsbouscules.fr\/index.php?rest_route=\/wp\/v2\/pages"}],"about":[{"href":"https:\/\/lesmotsbouscules.fr\/index.php?rest_route=\/wp\/v2\/types\/page"}],"author":[{"embeddable":true,"href":"https:\/\/lesmotsbouscules.fr\/index.php?rest_route=\/wp\/v2\/users\/1"}],"replies":[{"embeddable":true,"href":"https:\/\/lesmotsbouscules.fr\/index.php?rest_route=%2Fwp%2Fv2%2Fcomments&post=316"}],"version-history":[{"count":6,"href":"https:\/\/lesmotsbouscules.fr\/index.php?rest_route=\/wp\/v2\/pages\/316\/revisions"}],"predecessor-version":[{"id":324,"href":"https:\/\/lesmotsbouscules.fr\/index.php?rest_route=\/wp\/v2\/pages\/316\/revisions\/324"}],"wp:attachment":[{"href":"https:\/\/lesmotsbouscules.fr\/index.php?rest_route=%2Fwp%2Fv2%2Fmedia&parent=316"}],"curies":[{"name":"wp","href":"https:\/\/api.w.org\/{rel}","templated":true}]}}