{"id":309,"date":"2022-01-06T12:25:21","date_gmt":"2022-01-06T11:25:21","guid":{"rendered":"http:\/\/lesmotsbouscules.fr\/?page_id=309"},"modified":"2022-10-02T11:49:06","modified_gmt":"2022-10-02T09:49:06","slug":"vers-nord-sud","status":"publish","type":"page","link":"https:\/\/lesmotsbouscules.fr\/?page_id=309","title":{"rendered":"Vers nord-sud"},"content":{"rendered":"\n<p class=\"has-text-align-left\">Inspir\u00e9 des <a href=\"http:\/\/robert.rapilly.free.fr\/index.php\/\" data-type=\"URL\" data-id=\"http:\/\/robert.rapilly.free.fr\/index.php\/\" target=\"_blank\" rel=\"noreferrer noopener\">travaux de Robert Rapilly<\/a>,<br>Deux vers nord-sud sont deux vers qui sont presque holorimes :<br>Quand on m\u00e2che les mots d&rsquo;un des deux vers, on entend l&rsquo;autre.<br>(dans le sud de la France, on dit&nbsp;\u00ab\u00a0pEneu\u00a0\u00bb&nbsp;mais&nbsp;d\u00e9j&rsquo;ner\u00a0\u00bb, prononciations qui peuvent contrarier la m\u00e9trique d&rsquo;un vers)<br>Exemples :<br>                              <span class=\"has-inline-color has-vivid-cyan-blue-color\">Vouas-tu ta f\u00e9e des po\u00e8tes ?<br><\/span><span class=\"has-inline-color has-vivid-purple-color\">                              Vois-tu ? T&rsquo;as fait des pou\u00ebts !<\/span><br>Remarque : le premier vers est un octosyllabe tandis le deuxi\u00e8me est un hexasyllabe mais on peut aussi r\u00e9\u00e9quilibrer la m\u00e9trique comme ci-dessous :<br>                               <span class=\"has-inline-color has-vivid-cyan-blue-color\">Ah ! L&rsquo;abeille h\u00f4te vit all in<\/span><br>                               <span class=\"has-inline-color has-vivid-purple-color\">\u00e0 l&rsquo;abbaye haute violine !<\/span><br>ou encore :<br><span class=\"has-inline-color has-vivid-cyan-blue-color\">Ne d\u00e9gla\u00e7ons pas ce cradeau avec du Vouvray ! <br>                                                                                 Ce cr\u00e9mant en serait fort apr\u00e8s !<\/span><br><span class=\"has-inline-color has-vivid-purple-color\">Ne d\u00e9gueulassons pas ce c\u0153ur ado avec du \u00ab Vous verrez ! \u00bb. <br>                                                                                 Ce c\u0153ur aimant en serait fort apeur\u00e9 !<\/span><\/p>\n\n\n\n<p><mark style=\"background-color:rgba(0, 0, 0, 0)\" class=\"has-inline-color has-vivid-cyan-blue-color\">L\u2019\u00e2non\u00a0vit\u00a0au\u00a0lent\u00a0si\u00e8cle,\u00a0attend,\u00a0p\u00e8te\u00a0et\u00a0s\u2019ennuie.<\/mark><br><mark style=\"background-color:rgba(0, 0, 0, 0)\" class=\"has-inline-color has-vivid-purple-color\">La\u00a0non-violence\u00a0y\u00a0\u00e9clate\u00a0en\u00a0temp\u00eate\u00a0et\u00a0sans\u00a0nuit.<\/mark><\/p>\n\n\n\n<p><mark style=\"background-color:rgba(0, 0, 0, 0)\" class=\"has-inline-color has-vivid-cyan-blue-color\">Lourd,\u00a0ce\u00a0Paul\u00a0erre\u00a0dehors\u00a0mais<\/mark><br><mark style=\"background-color:rgba(0, 0, 0, 0)\" class=\"has-inline-color has-vivid-purple-color\">L\u2019ours\u00a0polaire\u00a0dormait.<\/mark><\/p>\n\n\n\n<p><mark style=\"background-color:rgba(0, 0, 0, 0)\" class=\"has-inline-color has-vivid-cyan-blue-color\">Le\u00a0gars,\u00a0toile\u00a0\u00e0\u00a0carreau,\u00a0\u00f4te<\/mark><br><mark style=\"background-color:rgba(0, 0, 0, 0)\" class=\"has-inline-color has-vivid-purple-color\">le\u00a0g\u00e2teau\u00a0\u00e0\u00a0la\u00a0carotte.<\/mark><\/p>\n\n\n\n<p><mark style=\"background-color:rgba(0, 0, 0, 0)\" class=\"has-inline-color has-vivid-cyan-blue-color\">Des\u00a0boas\u00a0h\u00e2tent,\u00a0\u2026\u00a0heu\u00a0\u2026<\/mark><br><mark style=\"background-color:rgba(0, 0, 0, 0)\" class=\"has-inline-color has-vivid-purple-color\">Des\u00a0bo\u00eetes\u00a0de\u00a0mac\u00e9doine<\/mark><br><mark style=\"background-color:rgba(0, 0, 0, 0)\" class=\"has-inline-color has-vivid-cyan-blue-color\">De\u00a0Massay ?\u00a0D\u2019o\u00f9\u00a0\u2026\u00a0?\u00a0\u2026\u00a0Anne\u00a0?<\/mark><\/p>\n\n\n\n<p><strong>SOUS LA FORME DE SONNETS DE SYLLABES (4-4-3-3)<\/strong><br><mark style=\"background-color:rgba(0, 0, 0, 0)\" class=\"has-inline-color has-black-color\">sur le mod\u00e8le des ou\u00efseaunets et ou\u00efseaulorimes de<\/mark><mark style=\"background-color:rgba(0, 0, 0, 0)\" class=\"has-inline-color has-cyan-bluish-gray-color\"> <a rel=\"noreferrer noopener\" href=\"http:\/\/robert.rapilly.free.fr\/\" data-type=\"URL\" data-id=\"http:\/\/robert.rapilly.free.fr\/\" target=\"_blank\">R. Rapilly<\/a><\/mark><\/p>\n\n\n\n<p>Quel\u00a0agr\u00e9able\u00a0m\u00e9tier\u00a0que\u00a0celui\u00a0de\u00a0r\u00e9alisateur\u00a0de\u00a0micro-trottoir\u00a0!<br>&#8212;<br><mark style=\"background-color:rgba(0, 0, 0, 0)\" class=\"has-inline-color has-vivid-cyan-blue-color\">Medhi\u00a0erre,\u00a0aise,<br>sonde\u00a0et\u00a0vit.\u00a0Et<\/mark><br><mark style=\"background-color:rgba(0, 0, 0, 0)\" class=\"has-inline-color has-vivid-purple-color\">Mes\u00a0di\u00e9r\u00e8ses<br>sont\u00a0d\u00e9vi\u00e9es.<\/mark><br>&#8212;<\/p>\n\n\n\n<p><mark style=\"background-color:rgba(0, 0, 0, 0)\" class=\"has-inline-color has-vivid-cyan-blue-color\">&#8211;\u00a0Lou\u00a0!\u00a0Oui\u00a0!\u00a0sonnez\u00a0!<br>&#8211;\u00a0Who\u00a0is,\u00a0Honey\u00a0?<\/mark><br><mark style=\"background-color:rgba(0, 0, 0, 0)\" class=\"has-inline-color has-vivid-purple-color\">&#8211;\u00a0L&rsquo;ou\u00ef\u00a0sonnet\u00a0!<br>&#8211;\u00a0Ou\u00efseaunet\u00a0?<\/mark><br>&#8212;<\/p>\n\n\n\n<p><mark style=\"background-color:rgba(0, 0, 0, 0)\" class=\"has-inline-color has-vivid-cyan-blue-color\">Deux\u00a0grues,\u00a0hier,<br>Se\u00a0massent\u00a0car,<\/mark><mark style=\"background-color:rgba(0, 0, 0, 0)\" class=\"has-inline-color has-vivid-purple-color\"><br>De\u00a0gruy\u00e8re,<br>Se\u00a0mascarent.<\/mark><br>&#8212;<\/p>\n\n\n\n<p><mark style=\"background-color:rgba(0, 0, 0, 0)\" class=\"has-inline-color has-vivid-cyan-blue-color\">La\u00a0pie\u00a0au\u00a0nez<br>Laid\u00a0perd\u00a0vie.\u00a0Et\u00a0?<\/mark><br><mark style=\"background-color:rgba(0, 0, 0, 0)\" class=\"has-inline-color has-vivid-purple-color\">L&rsquo;\u00e9pervier<br>L&rsquo;a\u00a0pion\u00e9e.<\/mark><br>&#8212;<\/p>\n\n\n\n<p><mark style=\"background-color:rgba(0, 0, 0, 0)\" class=\"has-inline-color has-vivid-cyan-blue-color\">Iel\u00a0pique\u00a0peu<br>Les\u00a0ouailles\u00a0d&rsquo;ail.<\/mark><br><mark style=\"background-color:rgba(0, 0, 0, 0)\" class=\"has-inline-color has-vivid-purple-color\">Liz,\u00a0why\u00a0die\u00a0?<br>Yale,\u00a0pick\u00a0up\u00a0!<\/mark><br>&#8212;<\/p>\n\n\n\n<p><\/p>\n","protected":false},"excerpt":{"rendered":"<p>Inspir\u00e9 des travaux de Robert Rapilly,Deux vers nord-sud sont deux vers qui sont presque holorimes :Quand on m\u00e2che les mots d&rsquo;un des deux vers, on entend l&rsquo;autre.(dans le sud de la France, on dit&nbsp;\u00ab\u00a0pEneu\u00a0\u00bb&nbsp;mais&nbsp;d\u00e9j&rsquo;ner\u00a0\u00bb, prononciations qui peuvent contrarier la m\u00e9trique d&rsquo;un vers)Exemples : Vouas-tu ta f\u00e9e des po\u00e8tes ? Vois-tu ? T&rsquo;as fait des pou\u00ebts &hellip; <\/p>\n<p class=\"link-more\"><a href=\"https:\/\/lesmotsbouscules.fr\/?page_id=309\" class=\"more-link\">Continuer la lecture<span class=\"screen-reader-text\"> de &laquo;&nbsp;Vers nord-sud&nbsp;&raquo;<\/span><\/a><\/p>\n","protected":false},"author":1,"featured_media":0,"parent":0,"menu_order":0,"comment_status":"closed","ping_status":"closed","template":"","meta":{"footnotes":""},"class_list":["post-309","page","type-page","status-publish","hentry"],"_links":{"self":[{"href":"https:\/\/lesmotsbouscules.fr\/index.php?rest_route=\/wp\/v2\/pages\/309","targetHints":{"allow":["GET"]}}],"collection":[{"href":"https:\/\/lesmotsbouscules.fr\/index.php?rest_route=\/wp\/v2\/pages"}],"about":[{"href":"https:\/\/lesmotsbouscules.fr\/index.php?rest_route=\/wp\/v2\/types\/page"}],"author":[{"embeddable":true,"href":"https:\/\/lesmotsbouscules.fr\/index.php?rest_route=\/wp\/v2\/users\/1"}],"replies":[{"embeddable":true,"href":"https:\/\/lesmotsbouscules.fr\/index.php?rest_route=%2Fwp%2Fv2%2Fcomments&post=309"}],"version-history":[{"count":12,"href":"https:\/\/lesmotsbouscules.fr\/index.php?rest_route=\/wp\/v2\/pages\/309\/revisions"}],"predecessor-version":[{"id":738,"href":"https:\/\/lesmotsbouscules.fr\/index.php?rest_route=\/wp\/v2\/pages\/309\/revisions\/738"}],"wp:attachment":[{"href":"https:\/\/lesmotsbouscules.fr\/index.php?rest_route=%2Fwp%2Fv2%2Fmedia&parent=309"}],"curies":[{"name":"wp","href":"https:\/\/api.w.org\/{rel}","templated":true}]}}