{"id":2,"date":"2020-10-28T16:50:22","date_gmt":"2020-10-28T15:50:22","guid":{"rendered":"http:\/\/lesmotsbouscules.fr\/?page_id=2"},"modified":"2022-11-26T09:50:10","modified_gmt":"2022-11-26T08:50:10","slug":"page-d-exemple","status":"publish","type":"page","link":"https:\/\/lesmotsbouscules.fr\/?page_id=2","title":{"rendered":"CORONAVIRUS"},"content":{"rendered":"\n<p><strong>C<\/strong>ACATO\u00c8S un cygne&nbsp;? Je consultais mon fr\u00e8re.<br><strong>O<\/strong>RIGNAL -\u00e0 nul myst\u00e8re, Transit ne ment pas&nbsp;!<br><mark style=\"background-color:rgba(0, 0, 0, 0)\" class=\"has-inline-color has-black-color\"><strong>R<\/strong><\/mark>AGONDIN peu ce que dit Galien&nbsp;: Des pri\u00e8res&nbsp;?<br><strong>O<\/strong>RNITHORYNQUE -linant, m\u00e9dus\u00e9, marteaux et bras<br><strong>N<\/strong>YALA ni Horus ne me furent salutaires<br><strong>A<\/strong>UTRUCHE -ments de nos tristes regards, je crus ma<br><strong>V<\/strong>IP\u00c8RE -due. Il appela nos amis, p\u00e8re et m\u00e8re<br><strong>I<\/strong>DE M\u00c9LANOTE -re \u00e9chevau de liens ici-bas.<br><strong>R<\/strong>HINOC\u00c9ROS mais on s\u2019en sort&nbsp;!, lan\u00e7a-t-il en l\u2019air&nbsp;!<br><strong>U<\/strong>NAU -tre nuit,&nbsp;je sais bien que je, dis-je \u00e0 papa<br><strong>S<\/strong>AUTERELLE -es piquets. Il me dit&nbsp;:&nbsp;Yack \u00e0 six fers&nbsp;!<\/p>\n\n\n\n<p class=\"has-text-align-left\">            <mark style=\"background-color:rgba(0, 0, 0, 0)\" class=\"has-inline-color has-vivid-green-cyan-color\">A lire ainsi :<\/mark><\/p>\n\n\n\n<p><mark style=\"background-color:rgba(0, 0, 0, 0)\" class=\"has-inline-color has-vivid-cyan-blue-color\">Caca t\u00f4t, est-ce un signe ? Je consultais mon fr\u00e8re.<br>Or, il n&rsquo;y a l\u00e0 nul myst\u00e8re ! Transit ne ment pas !<br>Raconte un peu ce que dit Galien : Des pri\u00e8res ?<br>Or, ni Thor inclinant, m\u00e9dus\u00e9, marteaux et bras<br>Ni Allah, ni Horus ne me furent salutaires !<\/mark><\/p>\n\n\n\n<p><mark style=\"background-color:rgba(0, 0, 0, 0)\" class=\"has-inline-color has-vivid-cyan-blue-color\">Aux truchements de nos tristes regards, je crus ma<br>Vie perdue. Il appela nos amis, p\u00e8re et m\u00e8re,<br>Y d\u00e9m\u00eala notre \u00e9cheveau de liens ici-bas.<\/mark><\/p>\n\n\n\n<p><mark style=\"background-color:rgba(0, 0, 0, 0)\" class=\"has-inline-color has-vivid-cyan-blue-color\">&#8211; Rhino !! C&rsquo;est rosse mais on s&rsquo;en sort !, lan\u00e7a-t-il en l&rsquo;air.<\/mark><\/p>\n\n\n\n<p><mark style=\"background-color:rgba(0, 0, 0, 0)\" class=\"has-inline-color has-vivid-cyan-blue-color\">&#8211; Une autre nuit, je sais bien que je, dis-je \u00e0 papa,<br>Sauterai les piquets.  Il me dit : &#8211; Y&rsquo;a qu&rsquo;\u00e0 s&rsquo;y faire !<br><\/mark><\/p>\n","protected":false},"excerpt":{"rendered":"<p>CACATO\u00c8S un cygne&nbsp;? Je consultais mon fr\u00e8re.ORIGNAL -\u00e0 nul myst\u00e8re, Transit ne ment pas&nbsp;!RAGONDIN peu ce que dit Galien&nbsp;: Des pri\u00e8res&nbsp;?ORNITHORYNQUE -linant, m\u00e9dus\u00e9, marteaux et brasNYALA ni Horus ne me furent salutairesAUTRUCHE -ments de nos tristes regards, je crus maVIP\u00c8RE -due. Il appela nos amis, p\u00e8re et m\u00e8reIDE M\u00c9LANOTE -re \u00e9chevau de liens ici-bas.RHINOC\u00c9ROS mais &hellip; <\/p>\n<p class=\"link-more\"><a href=\"https:\/\/lesmotsbouscules.fr\/?page_id=2\" class=\"more-link\">Continuer la lecture<span class=\"screen-reader-text\"> de &laquo;&nbsp;CORONAVIRUS&nbsp;&raquo;<\/span><\/a><\/p>\n","protected":false},"author":1,"featured_media":0,"parent":0,"menu_order":0,"comment_status":"closed","ping_status":"open","template":"","meta":{"footnotes":""},"class_list":["post-2","page","type-page","status-publish","hentry"],"_links":{"self":[{"href":"https:\/\/lesmotsbouscules.fr\/index.php?rest_route=\/wp\/v2\/pages\/2","targetHints":{"allow":["GET"]}}],"collection":[{"href":"https:\/\/lesmotsbouscules.fr\/index.php?rest_route=\/wp\/v2\/pages"}],"about":[{"href":"https:\/\/lesmotsbouscules.fr\/index.php?rest_route=\/wp\/v2\/types\/page"}],"author":[{"embeddable":true,"href":"https:\/\/lesmotsbouscules.fr\/index.php?rest_route=\/wp\/v2\/users\/1"}],"replies":[{"embeddable":true,"href":"https:\/\/lesmotsbouscules.fr\/index.php?rest_route=%2Fwp%2Fv2%2Fcomments&post=2"}],"version-history":[{"count":4,"href":"https:\/\/lesmotsbouscules.fr\/index.php?rest_route=\/wp\/v2\/pages\/2\/revisions"}],"predecessor-version":[{"id":813,"href":"https:\/\/lesmotsbouscules.fr\/index.php?rest_route=\/wp\/v2\/pages\/2\/revisions\/813"}],"wp:attachment":[{"href":"https:\/\/lesmotsbouscules.fr\/index.php?rest_route=%2Fwp%2Fv2%2Fmedia&parent=2"}],"curies":[{"name":"wp","href":"https:\/\/api.w.org\/{rel}","templated":true}]}}