{"id":162,"date":"2021-04-26T22:42:31","date_gmt":"2021-04-26T20:42:31","guid":{"rendered":"http:\/\/lesmotsbouscules.fr\/?page_id=162"},"modified":"2023-10-16T22:01:36","modified_gmt":"2023-10-16T20:01:36","slug":"le-dernier-sonnet","status":"publish","type":"page","link":"https:\/\/lesmotsbouscules.fr\/?page_id=162","title":{"rendered":"Sonnets sur l&rsquo;\u00e9criture"},"content":{"rendered":"\n<p class=\"has-text-align-center\">LE DERNIER SONNET<\/p>\n\n\n\n<p class=\"has-text-align-center\">Que te rongent ces vers, mis\u00e9rable po\u00e8te,<br>N\u2019auras-tu jamais su simplement t\u2019\u00e9mouvoir<br>Laisser crier ton c\u0153ur au temps des d\u00e9sespoirs<br>Sans habiller de mots les pluies et les temp\u00eates ?<\/p>\n\n\n\n<p class=\"has-text-align-center\">Te pensais-tu si froid et si vide qu\u2019en fait<br>Tes larmes ne coulaient que de l\u2019encrier noir<br>douze pieds \u00e0 la ligne et caressant l\u2019espoir<br>Que ton salut na\u00eetrait de l\u2019emphase parfaite ?<\/p>\n\n\n\n<p class=\"has-text-align-center\">Songe \u00e0 ce mis\u00e9reux dont tu t\u2019es mis en t\u00eate<br>D\u2019\u00e9crire les blessures en de belles histoires<br>Le privant \u00e0 jamais de sa propre m\u00e9moire.<\/p>\n\n\n\n<p class=\"has-text-align-center\">Virevolte en plume en ce matin de f\u00eate<br>Dont tes pauvres yeux secs ne verront pas le soir <br>Ni cette vengeresse \u00e9pitaphe \u00e0 ta gloire.<\/p>\n\n\n\n<hr class=\"wp-block-separator has-alpha-channel-opacity\"\/>\n\n\n\n<p class=\"has-text-align-center\">L&rsquo;HOMME \u00c9CRIT DE SES YEUX<\/p>\n\n\n\n<p class=\"has-text-align-center\">L&rsquo;homme&nbsp;lit&nbsp;ce&nbsp;sonnet&nbsp;du&nbsp;bout&nbsp;de&nbsp;son&nbsp;stylo,<br>Parcourt,&nbsp;anticipant,&nbsp;le&nbsp;futur&nbsp;chemin&nbsp;d&rsquo;encre,<br>Les&nbsp;pleins&nbsp;et&nbsp;d\u00e9li\u00e9s,&nbsp;la&nbsp;lettre&nbsp;qui&nbsp;s&rsquo;\u00e9chancre,<br>Et&nbsp;le&nbsp;point&nbsp;sur&nbsp;le&nbsp;i&nbsp;comme&nbsp;un&nbsp;petit&nbsp;\u00eelot.<br><br>La&nbsp;pointe&nbsp;danse&nbsp;et&nbsp;compte&nbsp;o\u00f9&nbsp;s&rsquo;arr\u00eate&nbsp;la&nbsp;rime,<br>Virevolte,&nbsp;indompt\u00e9e,&nbsp;\u00e0&nbsp;la&nbsp;lame&nbsp;des&nbsp;maux<br>D&rsquo;un&nbsp;\u00e0&nbsp;venir&nbsp;prochain&nbsp;d\u00e9ferlement&nbsp;de&nbsp;mots<br>Dans&nbsp;le&nbsp;silence&nbsp;blanc&nbsp;vers&nbsp;lequel&nbsp;tout&nbsp;s&rsquo;ab\u00eeme.<br><br>La&nbsp;main&nbsp;se&nbsp;paralyse&nbsp;et&nbsp;l&rsquo;aile&nbsp;est&nbsp;en&nbsp;suspens.<br>La&nbsp;plume,&nbsp;en&nbsp;ce&nbsp;combat,&nbsp;est&nbsp;pareille&nbsp;aux&nbsp;kirpans<br>Et&nbsp;lac\u00e8re&nbsp;la&nbsp;page,&nbsp;en&nbsp;extirpant&nbsp;le&nbsp;verbe.<br><br>L&rsquo;encre&nbsp;s\u00e8che&nbsp;et&nbsp;d\u00e9j\u00e0,&nbsp;le&nbsp;spectre&nbsp;est&nbsp;effac\u00e9&nbsp;;<br>Tout&nbsp;s&rsquo;incarne&nbsp;\u00e0&nbsp;pr\u00e9sent,&nbsp;\u00e9ternel&nbsp;et&nbsp;superbe.<br>L&rsquo;homme&nbsp;\u00e9crit&nbsp;de&nbsp;ses&nbsp;yeux&nbsp;la&nbsp;trace&nbsp;du&nbsp;pass\u00e9.<\/p>\n\n\n\n<hr class=\"wp-block-separator has-alpha-channel-opacity\"\/>\n\n\n\n<p class=\"has-text-align-center\">SONNET D&rsquo;AMOUR<\/p>\n\n\n\n<p class=\"has-text-align-center\">Elle&nbsp;respectera&nbsp;les&nbsp;rimes&nbsp;embrass\u00e9es<br>Dans&nbsp;les&nbsp;premiers&nbsp;quatrains&nbsp;d&rsquo;un&nbsp;po\u00e8me&nbsp;d&rsquo;amour&nbsp;;<br>Leur&nbsp;sch\u00e9ma&nbsp;sera&nbsp;strict&nbsp;comme&nbsp;un&nbsp;sonnet&nbsp;de&nbsp;cour<br>Et&nbsp;les&nbsp;fautes&nbsp;d&rsquo;accord&nbsp;seront&nbsp;d\u00e9barrass\u00e9es.<br><br>L&rsquo;alternance&nbsp;de&nbsp;genre&nbsp;est&nbsp;une&nbsp;panac\u00e9e<br>Obligeant&nbsp;tout&nbsp;po\u00e8te&nbsp;\u00e0&nbsp;changer&nbsp;son&nbsp;discours<br>Car&nbsp;une&nbsp;telle&nbsp;erreur&nbsp;distingue&nbsp;les&nbsp;paours&nbsp;;<br>L&rsquo;\u00e9criveronne&nbsp;en&nbsp;herbe&nbsp;en&nbsp;serait&nbsp;terrass\u00e9e.<br><br>La&nbsp;prosodie&nbsp;impose&nbsp;un&nbsp;distique&nbsp;fran\u00e7ais<br>D\u00e8s&nbsp;que&nbsp;la&nbsp;plume&nbsp;invite&nbsp;\u00e0&nbsp;passer&nbsp;aux&nbsp;tercets&nbsp;;<br>Banville,&nbsp;sur&nbsp;ce&nbsp;point,&nbsp;\u00e9tait&nbsp;cat\u00e9gorique.<br><br>Elle&nbsp;gomme&nbsp;un&nbsp;hiatus,&nbsp;corrige&nbsp;onze&nbsp;e&nbsp;caducs,<br>Recompte&nbsp;sur&nbsp;ses&nbsp;doigts&nbsp;la&nbsp;fid\u00e8le&nbsp;m\u00e9trique<br>Et&nbsp;n&rsquo;a&nbsp;plus&nbsp;aucun&nbsp;vers&nbsp;pour&nbsp;\u00e9crire&nbsp;des&nbsp;trucs.<\/p>\n\n\n\n<hr class=\"wp-block-separator has-alpha-channel-opacity\"\/>\n\n\n\n<p class=\"has-text-align-center\">MALHEUR A CE SONNET<\/p>\n\n\n\n<p class=\"has-text-align-center\">Tous&nbsp;les&nbsp;po\u00e8mes&nbsp;sont&nbsp;une&nbsp;r\u00e9volution,<br>Une&nbsp;grande&nbsp;bascule&nbsp;un&nbsp;peu&nbsp;d\u00e9sesp\u00e9r\u00e9e<br>De&nbsp;la&nbsp;langue&nbsp;et&nbsp;du&nbsp;monde,&nbsp;\u00d4&nbsp;muse&nbsp;intemp\u00e9r\u00e9e,<br>La&nbsp;red\u00e9finition&nbsp;du&nbsp;mot&nbsp;d\u00e9finition.<br><br>La&nbsp;contrainte,&nbsp;toujours,&nbsp;est&nbsp;la&nbsp;m\u00e9tamorphose<br>De&nbsp;la&nbsp;phrase&nbsp;ordinaire&nbsp;en&nbsp;un&nbsp;vers&nbsp;chancelant,<br>Le&nbsp;mot-sens&nbsp;est&nbsp;mot-note&nbsp;au&nbsp;timbre&nbsp;\u00e9tincelant,<br>Motif&nbsp;ou&nbsp;contre-mot&nbsp;que&nbsp;la&nbsp;plume&nbsp;amorphe&nbsp;ose.<br><br>Malheur&nbsp;\u00e0&nbsp;ce&nbsp;sonnet&nbsp;dont&nbsp;les&nbsp;experts&nbsp;s&rsquo;accordent&nbsp;!<br>Nul&nbsp;texte&nbsp;ne&nbsp;survit&nbsp;sauf&nbsp;si&nbsp;l&rsquo;on&nbsp;perd&nbsp;sa&nbsp;corde<br>En&nbsp;mille&nbsp;h\u00e9sitations&nbsp;de&nbsp;lectexplorateur.<br><br>Au&nbsp;savant&nbsp;traducteur,&nbsp;pr\u00e9f\u00e9rons&nbsp;l&rsquo;interpr\u00e8te<br>Qui&nbsp;joue,&nbsp;aux&nbsp;creux&nbsp;des&nbsp;mots,&nbsp;l&rsquo;incertain&nbsp;orateur,<br>Et&nbsp;cale&nbsp;son&nbsp;orph\u00e9e&nbsp;avec&nbsp;un&nbsp;vieux&nbsp;po\u00e8te.<\/p>\n\n\n\n<hr class=\"wp-block-separator has-alpha-channel-opacity\"\/>\n\n\n\n<p class=\"has-text-align-center\"><strong>VIE ET MORT D&rsquo;UN SONNET<\/strong><\/p>\n\n\n\n<figure class=\"wp-block-image size-full\"><img loading=\"lazy\" decoding=\"async\" width=\"808\" height=\"593\" src=\"http:\/\/lesmotsbouscules.fr\/wp-content\/uploads\/2023\/07\/image.png\" alt=\"\" class=\"wp-image-989\" srcset=\"https:\/\/lesmotsbouscules.fr\/wp-content\/uploads\/2023\/07\/image.png 808w, https:\/\/lesmotsbouscules.fr\/wp-content\/uploads\/2023\/07\/image-300x220.png 300w, https:\/\/lesmotsbouscules.fr\/wp-content\/uploads\/2023\/07\/image-768x564.png 768w\" sizes=\"auto, (max-width: 706px) 89vw, (max-width: 767px) 82vw, 740px\" \/><\/figure>\n\n\n\n<hr class=\"wp-block-separator has-alpha-channel-opacity\"\/>\n\n\n\n<h2 class=\"wp-block-heading has-text-align-center\">QUAND TU L&rsquo;AURAS \u00c9CRIT <\/h2>\n\n\n\n<p class=\"has-text-align-center\">Quand\u00a0tu\u00a0l&rsquo;auras\u00a0\u00e9crit,\u00a0ce\u00a0po\u00e8me\u00a0sera.<br>D&rsquo;ici\u00a0l\u00e0,\u00a0ce\u00a0seront\u00a0mille\u00a0h\u00e9sitations\u00a0folles<br>Et\u00a0des\u00a0renoncements\u00a0;\u00a0tu\u00a0t&rsquo;y\u00a0frottes,\u00a0t&rsquo;y\u00a0colles,<br>En\u00a0esclave\u00a0du\u00a0verbe,\u00a0\u00d4,\u00a0pauvre\u00a0p\u00e2tira\u00a0!<br><br>Trouveras-tu\u00a0l&rsquo;image\u00a0o\u00f9\u00a0se\u00a0ressemblera<br>Notre\u00a0monde\u00a0\u00e0\u00a0lui-m\u00eame,\u00a0ranimant\u00a0ses\u00a0furoles<br>Et\u00a0tournant\u00a0ses\u00a0miroirs\u00a0vers\u00a0les\u00a0louves-garolles<br>Du\u00a0sombre\u00a0labyrinthe\u00a0o\u00f9\u00a0s&rsquo;agite\u00a0le\u00a0rat\u00a0?<br><br>Y\u00a0lira-t-on\u00a0l&rsquo;espoir\u00a0d&rsquo;une\u00a0nouvelle\u00a0langue<br>Qui\u00a0s&rsquo;amorce\u00a0aujourd&rsquo;hui\u00a0dans\u00a0une\u00a0rime\u00a0exsangue<br>Ou\u00a0l&rsquo;ininterrompu\u00a0flot\u00a0de\u00a0mots\u00a0d\u00e9j\u00e0\u00a0lu\u00a0?<br><br>D\u00e9cortiquera-t-on\u00a0les\u00a0champs\u00a0et\u00a0le\u00a0syst\u00e8me<br>De\u00a0ce\u00a0texte\u00a0contraint\u00a0en\u00a0qu\u00eate\u00a0d&rsquo;absolu<br>Qui\u00a0s&rsquo;\u00e9crit\u00a0sous\u00a0nos\u00a0yeux\u00a0et\u00a0devient\u00a0un\u00a0po\u00e8me\u00a0?<\/p>\n\n\n\n<hr class=\"wp-block-separator has-alpha-channel-opacity\"\/>\n\n\n\n<h2 class=\"wp-block-heading has-text-align-center\">\u00c9CRIRE EST UN VOYAGE<\/h2>\n\n\n\n<p class=\"has-text-align-center\">\u00c9crire\u00a0est\u00a0un\u00a0voyage\u00a0au\u00a0bout\u00a0de\u00a0la\u00a0nuit\u00a0blanche<br>O\u00f9\u00a0la\u00a0plume\u00a0s&rsquo;enfonce\u00a0en\u00a0un\u00a0sable\u00a0\u00e9mouvant,<br>Sur\u00a0une\u00a0plage\u00a0blanche\u00a0au\u00a0grain\u00a0p\u00e2le\u00a0buvant<br>L&rsquo;ancre\u00a0qui\u00a0coule\u00a0\u00e0\u00a0flots\u00a0sous\u00a0la\u00a0fragile\u00a0planche.<br><br>\u00c9crire\u00a0est\u00a0un\u00a0voyage\u00a0au\u00a0c\u0153ur\u00a0d&rsquo;une\u00a0avalanche<br>De\u00a0vagues\u00a0souvenirs\u00a0berc\u00e9s\u00a0au\u00a0gr\u00e9\u00a0d&rsquo;avant,<br>Rimant\u00a0sous\u00a0cape\u00a0\u00e0\u00a0l&rsquo;est,\u00a0toute\u00a0prose\u00a0devant,<br>Empreinte\u00a0de\u00a0pieds\u00a0noirs\u00a0sur\u00a0le\u00a0pont\u00a0d&rsquo;une\u00a0lanche.<br><br>\u00c9crire\u00a0est\u00a0un\u00a0voyage\u00a0aux\u00a0ressources\u00a0du\u00a0temps,<br>Roman\u00a0fleuve\u00a0impossible\u00a0au\u00a0creux\u00a0d&rsquo;un\u00a0bateau\u00a0livre,<br>La\u00a0recherche\u00a0\u00e9perdue,\u00a0en\u00a0vain,\u00a0qui\u00a0nous\u00a0enivre.<br><br>\u00c9crire\u00a0est\u00a0un\u00a0voyage\u00a0au-dessus\u00a0des\u00a0\u00e9tants,<br>Des\u00a0peut-\u00eatres\u00a0seront,\u00a0si\u00a0le\u00a0veut\u00a0ce\u00a0po\u00e8te<br>Que\u00a0l&rsquo;on\u00a0honore\u00a0au\u00a0sud\u00a0o\u00f9\u00a0l&rsquo;histoire\u00a0s&rsquo;arr\u00eate.<\/p>\n\n\n\n<hr class=\"wp-block-separator has-alpha-channel-opacity\"\/>\n\n\n\n<h2 class=\"wp-block-heading has-text-align-center\">\u00c9TYMALOGIE <\/h2>\n\n\n\n<p class=\"has-text-align-center\">J&rsquo;aurais\u00a0d\u00fb\u00a0commencer\u00a0par\u00a0le\u00a0commencement,<br>Choisir\u00a0un\u00a0incipit\u00a0\u00e0\u00a0structure\u00a0ingressive,<br>Pour\u00a0tisser\u00a0lentement\u00a0un\u00a0fil\u00a0commun\u00a0semant<br>Une\u00a0ode\u00a0ni\u00a0tortue\u00a0ni,\u00a0vois-tu,\u00a0r\u00e9gressive.<br><br>Il\u00a0y\u00a0eut\u00a0un\u00a0pass\u00e9\u00a0&#8211;\u00a0Depuis,\u00a0comme\u00a0on\u00a0se\u00a0ment\u00a0!\u00a0-.<br>D&rsquo;o\u00f9\u00a0provient\u00a0cette\u00a0voix\u00a0qui\u00a0sature,\u00a0\u00e9gressive\u00a0?<br>Saurait-on\u00a0remonter,\u00a0l\u00e0,\u00a0jusqu&rsquo;au\u00a0mince\u00a0man<br>Qui\u00a0nourrit\u00a0dans\u00a0nos\u00a0c\u0153urs\u00a0la\u00a0nature\u00a0agressive\u00a0?<br><br>L&rsquo;origine\u00a0des\u00a0maux,\u00a0la\u00a0source\u00a0de\u00a0l&rsquo;amer<br>Glisse\u00a0ind\u00e9finiment,\u00a0&#8211;\u00a0silice\u00a0dans\u00a0la\u00a0mer\u00a0-,<br>Entre\u00a0mille\u00a0autres\u00a0faits\u00a0et\u00a0fuit\u00a0quand\u00a0on\u00a0l\u2019attrape.<br><br>Ce\u00a0Hanneton\u00a0cruel\u00a0nous\u00a0disloque\u00a0en\u00a0passion<br>Triste,\u00a0en\u00a0sombre\u00a0ranc\u0153ur,\u00a0invoquant,\u00a0en\u00a0la\u00a0trappe<br>Des\u00a0remords\u00a0infinis,\u00a0l&rsquo;ignoble\u00a0occupation.<br><br>&#8212;<\/p>\n\n\n\n<p class=\"has-text-align-left\"><mark style=\"background-color:rgba(0, 0, 0, 0)\" class=\"has-inline-color has-vivid-green-cyan-color\">Les\u00a0rimes\u00a0sont\u00a0sur\u00a04\u00a0pieds<br>except\u00e9e\u00a0le\u00a0deuxi\u00e8me\u00a0son\u00a0voyelle.<br>Exemple\u00a0:<br>vers\u00a01\u00a0:\u00a0kom\\\u0251\u0303\\sem\u0251\u0303<br>vers\u00a03\u00a0:\u00a0kom\\\u0153\u0303\\sem\u0251\u0303<br>vers\u00a05\u00a0:\u00a0kom\\\u0254\u0303\\sem\u0251\u0303<br>vers\u00a07\u00a0:\u00a0kom\\\u025b\u0303\\sem\u0251\u0303<\/mark><\/p>\n\n\n\n<hr class=\"wp-block-separator has-alpha-channel-opacity\"\/>\n\n\n\n<h2 class=\"wp-block-heading has-text-align-center\">ELLE PEINT DE SA PLUME<\/h2>\n\n\n\n<p class=\"has-text-align-center\">Elle\u00a0peint\u00a0de\u00a0sa\u00a0plume\u00a0un\u00a0grand\u00a0tableau\u00a0de\u00a0proses<br>Sur\u00a0le\u00a0rectangle\u00a0blanc\u00a0\u00e0\u00a0l&rsquo;instant\u00a0recouvert<br>De\u00a0mots\u00a0hauts\u00a0en\u00a0couleur\u00a0comme\u00a0ceux\u00a0de\u00a0Pr\u00e9vert\u00a0:<br>Une\u00a0palette\u00a0d&rsquo;ors,\u00a0de\u00a0princes\u00a0et\u00a0de\u00a0roses.<br><br>Par\u00a0touches,\u00a0elle\u00a0brosse\u00a0un\u00a0brillant\u00a0univers<br>Qu&rsquo;une\u00a0pluie\u00a0arc-en-ciel\u00a0de\u00a0lumi\u00e8res\u00a0arrose\u00a0;<br>Puis\u00a0d&rsquo;un\u00a0ton\u00a0nuanc\u00e9,\u00a0la\u00a0sublime\u00a0auteure\u00a0ose<br>Un\u00a0d\u00e9grad\u00e9\u00a0d&rsquo;humeurs\u00a0qui\u00a0nous\u00a0prend\u00a0\u00e0\u00a0revers.<br><br>Elle\u00a0a\u00a0ce\u00a0don\u00a0de\u00a0lire\u00a0en\u00a0un\u00a0jour\u00a0m\u00e9diocre<br>La\u00a0teinte\u00a0d&rsquo;un\u00a0espoir\u00a0de\u00a0ses\u00a0yeux\u00a0bleus\u00a0per\u00e7ant<br>Derri\u00e8re\u00a0la\u00a0grisaille,\u00a0un\u00a0vignoble\u00a0persan.<br><br>Elle\u00a0a\u00a0ce\u00a0don\u00a0de\u00a0dire\u00a0une\u00a0poussi\u00e8re\u00a0d&rsquo;ocre<br>Qui\u00a0nous\u00a0la\u00a0donne\u00a0\u00e0\u00a0voir\u00a0comme\u00a0un\u00a0rayon\u00a0d&rsquo;argent,<br>Entre\u00a0les\u00a0lignes,\u00a0noir,\u00a0pas\u00a0\u00e0\u00a0pas\u00a0se\u00a0chargeant.<\/p>\n\n\n\n<hr class=\"wp-block-separator has-alpha-channel-opacity\"\/>\n\n\n\n<p class=\"has-text-align-center\">Il n&rsquo;y a pas de mots pour dire <mark style=\"background-color:rgba(0, 0, 0, 0)\" class=\"has-inline-color has-white-color\">le silence<br>Qui bourdonne en canon quand s&rsquo;arr\u00eate Mozart<br>Dans le vide encombr\u00e9 du mutisme bavard<br>De ces mille \u00e9chos sourds \u00e9mus d&rsquo;effervescence.<br><br>Du battement d&rsquo;un c\u0153ur, jaillirait l&rsquo;ind\u00e9cence<br>En ce temps suspendu d&rsquo;un si certain hasard<br>A ce moment du monde, au lieu de nulle part,<br>\u00c9clatant dans la nuit blanche de son absence.<br><br>Dans cette attente tue &#8211; ent\u00eatante torpeur -,<br>Nulle Lune n&rsquo;allume une humaine rumeur<br>D&rsquo;\u00e9bruitements de bris brutaux et subreptices.<br><br>Encor quelques instants de ces longues tensions<br>Pour expier le souffle en futiles supplices<br>D&rsquo;\u00e9teindre le secret d&rsquo;indicibles passions.<\/mark><\/p>\n\n\n\n<p><mark style=\"background-color:rgba(0, 0, 0, 0)\" class=\"has-inline-color has-vivid-green-cyan-color\">Le silence de ce sonnet est \u00e9crit en blanc. S\u00e9lectionner le texte avec la souris.<\/mark><\/p>\n\n\n\n<hr class=\"wp-block-separator has-alpha-channel-opacity\"\/>\n\n\n\n<h2 class=\"wp-block-heading has-text-align-center\">LE PREMIER SONNET<\/h2>\n\n\n\n<figure class=\"wp-block-image size-full\"><img loading=\"lazy\" decoding=\"async\" width=\"632\" height=\"679\" src=\"http:\/\/lesmotsbouscules.fr\/wp-content\/uploads\/2023\/10\/image.png\" alt=\"\" class=\"wp-image-1047\" srcset=\"https:\/\/lesmotsbouscules.fr\/wp-content\/uploads\/2023\/10\/image.png 632w, https:\/\/lesmotsbouscules.fr\/wp-content\/uploads\/2023\/10\/image-279x300.png 279w\" sizes=\"auto, (max-width: 632px) 100vw, 632px\" \/><\/figure>\n\n\n\n<hr class=\"wp-block-separator has-alpha-channel-opacity\"\/>\n","protected":false},"excerpt":{"rendered":"<p>LE DERNIER SONNET Que te rongent ces vers, mis\u00e9rable po\u00e8te,N\u2019auras-tu jamais su simplement t\u2019\u00e9mouvoirLaisser crier ton c\u0153ur au temps des d\u00e9sespoirsSans habiller de mots les pluies et les temp\u00eates ? Te pensais-tu si froid et si vide qu\u2019en faitTes larmes ne coulaient que de l\u2019encrier noirdouze pieds \u00e0 la ligne et caressant l\u2019espoirQue ton salut &hellip; <\/p>\n<p class=\"link-more\"><a href=\"https:\/\/lesmotsbouscules.fr\/?page_id=162\" class=\"more-link\">Continuer la lecture<span class=\"screen-reader-text\"> de &laquo;&nbsp;Sonnets sur l&rsquo;\u00e9criture&nbsp;&raquo;<\/span><\/a><\/p>\n","protected":false},"author":1,"featured_media":0,"parent":0,"menu_order":0,"comment_status":"closed","ping_status":"closed","template":"","meta":{"footnotes":""},"class_list":["post-162","page","type-page","status-publish","hentry"],"_links":{"self":[{"href":"https:\/\/lesmotsbouscules.fr\/index.php?rest_route=\/wp\/v2\/pages\/162","targetHints":{"allow":["GET"]}}],"collection":[{"href":"https:\/\/lesmotsbouscules.fr\/index.php?rest_route=\/wp\/v2\/pages"}],"about":[{"href":"https:\/\/lesmotsbouscules.fr\/index.php?rest_route=\/wp\/v2\/types\/page"}],"author":[{"embeddable":true,"href":"https:\/\/lesmotsbouscules.fr\/index.php?rest_route=\/wp\/v2\/users\/1"}],"replies":[{"embeddable":true,"href":"https:\/\/lesmotsbouscules.fr\/index.php?rest_route=%2Fwp%2Fv2%2Fcomments&post=162"}],"version-history":[{"count":11,"href":"https:\/\/lesmotsbouscules.fr\/index.php?rest_route=\/wp\/v2\/pages\/162\/revisions"}],"predecessor-version":[{"id":1048,"href":"https:\/\/lesmotsbouscules.fr\/index.php?rest_route=\/wp\/v2\/pages\/162\/revisions\/1048"}],"wp:attachment":[{"href":"https:\/\/lesmotsbouscules.fr\/index.php?rest_route=%2Fwp%2Fv2%2Fmedia&parent=162"}],"curies":[{"name":"wp","href":"https:\/\/api.w.org\/{rel}","templated":true}]}}