{"id":1029,"date":"2023-10-16T15:48:49","date_gmt":"2023-10-16T13:48:49","guid":{"rendered":"http:\/\/lesmotsbouscules.fr\/?page_id=1029"},"modified":"2023-10-16T19:36:45","modified_gmt":"2023-10-16T17:36:45","slug":"pareidolie","status":"publish","type":"page","link":"https:\/\/lesmotsbouscules.fr\/?page_id=1029","title":{"rendered":"Sonnets"},"content":{"rendered":"\n<h2 class=\"wp-block-heading has-text-align-center\">LE RETOUR D&rsquo;UN BIFFIN<\/h2>\n\n\n\n<p><\/p>\n\n\n\n<p class=\"has-text-align-center\">Sur&nbsp;le&nbsp;quai&nbsp;d\u00e9sert\u00e9&nbsp;par&nbsp;les&nbsp;derniers&nbsp;marins,<br>Une&nbsp;vapeur&nbsp;\u00e9paisse&nbsp;envahissait&nbsp;les&nbsp;\u00e2mes,<br>Un&nbsp;m\u00e9lange&nbsp;d&rsquo;opium&nbsp;et&nbsp;du&nbsp;parfum&nbsp;des&nbsp;dames<br>Battant&nbsp;le&nbsp;pav\u00e9&nbsp;nu&nbsp;devant&nbsp;les&nbsp;tabarins.<br><br>L&rsquo;eau&nbsp;noire&nbsp;clapotait&nbsp;aux&nbsp;sons&nbsp;des&nbsp;camarins<br>D&rsquo;un&nbsp;albatros&nbsp;immense&nbsp;entre&nbsp;les&nbsp;fr\u00eales&nbsp;prames&nbsp;;<br>La&nbsp;Lune&nbsp;jetait&nbsp;l&rsquo;or&nbsp;sur&nbsp;un&nbsp;vieux&nbsp;brise-lames<br>De&nbsp;m\u00e9tal&nbsp;et&nbsp;de&nbsp;rouille&nbsp;incrust\u00e9s&nbsp;de&nbsp;garins.<br><br>L&rsquo;homme&nbsp;restait&nbsp;encor&nbsp;attendant&nbsp;quelque&nbsp;chose<br>Pour&nbsp;fuir&nbsp;l&rsquo;ennui&nbsp;sans&nbsp;fin&nbsp;de&nbsp;cette&nbsp;nuit&nbsp;sans&nbsp;bruit&nbsp;:<br>Un&nbsp;corps&nbsp;contre&nbsp;lequel&nbsp;un&nbsp;autre&nbsp;corps&nbsp;s&rsquo;instruit,<br>Se&nbsp;d\u00e9voile&nbsp;\u00e0&nbsp;lui-m\u00eame&nbsp;&#8211;&nbsp;un&nbsp;temps,&nbsp;s&rsquo;apoth\u00e9ose&nbsp;-,<br>S&rsquo;use&nbsp;jusqu&rsquo;\u00e0&nbsp;la&nbsp;corde&nbsp;et&nbsp;s&rsquo;abandonne&nbsp;enfin<br>\u00c0&nbsp;cesser&nbsp;d&rsquo;esp\u00e9rer&nbsp;le&nbsp;retour&nbsp;d&rsquo;un&nbsp;biffin.<\/p>\n\n\n\n<hr class=\"wp-block-separator has-alpha-channel-opacity\"\/>\n\n\n\n<h2 class=\"wp-block-heading has-text-align-center\">Par\u00e9idolie<\/h2>\n\n\n\n<p class=\"has-text-align-left\"><br><mark style=\"background-color:rgba(0, 0, 0, 0)\" class=\"has-inline-color has-vivid-green-cyan-color\">Sonnet irrationnel<\/mark>*<br><\/p>\n\n\n\n<p class=\"has-text-align-center\">Il&nbsp;regardait&nbsp;voler&nbsp;quelques&nbsp;coquecigrues,<br>Les&nbsp;yeux&nbsp;riv\u00e9s&nbsp;au&nbsp;sol,&nbsp;comme&nbsp;un&nbsp;enfant&nbsp;des&nbsp;rues<br>Lisant&nbsp;dans&nbsp;une&nbsp;flaque&nbsp;un&nbsp;r\u00e9cit&nbsp;de&nbsp;forbans.<br><br>La&nbsp;par\u00e9idolie&nbsp;abuse&nbsp;bien&nbsp;des&nbsp;hommes.<br><br>De&nbsp;l&rsquo;\u00e9colier&nbsp;r\u00eaveur&nbsp;au&nbsp;vieillard&nbsp;sur&nbsp;un&nbsp;banc<br>Perdus&nbsp;dans&nbsp;l&rsquo;horizon&nbsp;dessin\u00e9&nbsp;de&nbsp;la&nbsp;nue,<br>Chacun,&nbsp;un&nbsp;temps,&nbsp;s&rsquo;ab\u00eeme&nbsp;au&nbsp;bout&nbsp;de&nbsp;l&rsquo;avenue,<br>O\u00f9&nbsp;l&rsquo;aulne&nbsp;sous&nbsp;le&nbsp;vent&nbsp;sourit&nbsp;en&nbsp;se&nbsp;courbant.<br><br>La&nbsp;par\u00e9idolie&nbsp;amuse&nbsp;bien&nbsp;des&nbsp;hommes.<br><br>Cette&nbsp;foule&nbsp;nombreuse&nbsp;appara\u00eet&nbsp;d&rsquo;en&nbsp;haut&nbsp;comme<br>La&nbsp;vague&nbsp;furieuse&nbsp;\u00e9mergeant&nbsp;des&nbsp;faubourgs<br>D&rsquo;une&nbsp;langue&nbsp;de&nbsp;mer&nbsp;envahissant&nbsp;le&nbsp;cours<br>Si&nbsp;vide&nbsp;encore&nbsp;hier&nbsp;lorsque&nbsp;l&rsquo;ombre&nbsp;d&rsquo;un&nbsp;lome<br>\u00c9voquait&nbsp;d&rsquo;une&nbsp;croix&nbsp;le&nbsp;signe&nbsp;d&rsquo;une&nbsp;somme.<\/p>\n\n\n\n<p>*<mark style=\"background-color:rgba(0, 0, 0, 0)\" class=\"has-inline-color has-vivid-green-cyan-color\">(dont les strophes sont 3-1-4-1-5 comme les premi\u00e8res d\u00e9cimales du nombre pi)<\/mark><br><\/p>\n\n\n\n<hr class=\"wp-block-separator has-alpha-channel-opacity\"\/>\n\n\n\n<h2 class=\"wp-block-heading has-text-align-center\">DURANT CETTE SECONDE<\/h2>\n\n\n\n<p class=\"has-text-align-center\"><span style=\"white-space:nowrap\">Durant\u00a0cette\u00a0seconde\u00a0o\u00f9\u00a0tout\u00a0s&rsquo;est\u00a0arr\u00eat\u00e9<\/span><br><span style=\"white-space:nowrap\">Tes\u00a0yeux\u00a0se\u00a0sont\u00a0noy\u00e9s\u00a0dans\u00a0l&rsquo;horizon\u00a0gris\u00e2tre<\/span><br><span style=\"white-space:nowrap\">Qui\u00a0planait\u00a0au-dessus\u00a0de\u00a0l&rsquo;usine\u00a0de\u00a0pl\u00e2tre<\/span><br><span style=\"white-space:nowrap\">Dont\u00a0l&rsquo;ombre\u00a0\u00e0\u00a0la\u00a0fen\u00eatre\u00a0adoucissait\u00a0l&rsquo;\u00e9t\u00e9<\/span><br><span style=\"white-space:nowrap\">Tes\u00a0yeux\u00a0se\u00a0sont\u00a0noy\u00e9s\u00a0de\u00a0larmes\u00a0de\u00a0bont\u00e9<\/span><br><span style=\"white-space:nowrap\">Embrassant\u00a0l&rsquo;univers\u00a0de\u00a0ce\u00a0triste\u00a0th\u00e9\u00e2tre<\/span><br><span style=\"white-space:nowrap\">Donn\u00e9\u00a0sur\u00a0son\u00a0visage\u00a0au\u00a0pauvre\u00a0teint\u00a0d&rsquo;alb\u00e2tre<\/span><br><span style=\"white-space:nowrap\">Durant\u00a0cette\u00a0seconde\u00a0ou\u00a0cette\u00a0\u00e9ternit\u00e9<\/span><br><span style=\"white-space:nowrap\">Tes\u00a0yeux\u00a0se\u00a0sont\u00a0noy\u00e9s\u00a0pour\u00a0ne\u00a0plus\u00a0rien\u00a0entendre<\/span> <span style=\"white-space:nowrap\">Des\u00a0mots\u00a0que\u00a0tu\u00a0lisais\u00a0dans\u00a0ce\u00a0geste\u00a0si\u00a0tendre<\/span><br><span style=\"white-space:nowrap\">Durant\u00a0cette\u00a0seconde\u00a0o\u00f9\u00a0tout\u00a0a\u00a0bascul\u00e9<\/span><br><span style=\"white-space:nowrap\">Durant\u00a0cette\u00a0seconde\u00a0o\u00f9\u00a0sourd\u00a0une\u00a0autre\u00a0vie<\/span><br><span style=\"white-space:nowrap\">Tes\u00a0yeux\u00a0se\u00a0sont\u00a0noy\u00e9s\u00a0dans\u00a0l&rsquo;illusoire\u00a0envie<\/span><br><span style=\"white-space:nowrap\">De\u00a0retenir\u00a0du\u00a0temps\u00a0l&rsquo;acide\u00a0d\u00e9roul\u00e9.<\/span>  <br><br><span style=\"white-space:nowrap\">&#8212;<\/span>&#8211;<\/p>\n\n\n\n<h2 class=\"wp-block-heading has-text-align-center\">DURANT UNE MINUTE<\/h2>\n\n\n\n<p class=\"has-text-align-center\">Durant\u00a0une\u00a0minute,\u00a0un\u00a0\u00e9trange\u00a0sabir<br>Murmur\u00e9\u00a0sans\u00a0chaleur\u00a0s&rsquo;est\u00a0pos\u00e9\u00a0sur\u00a0sa\u00a0l\u00e8vre.<br>Ses\u00a0mots\u00a0se\u00a0sont\u00a0noy\u00e9s\u00a0dans\u00a0ton\u00a0esprit\u00a0en\u00a0fi\u00e8vre\u00a0;<br>Chacun\u00a0\u00e9tait\u00a0l&rsquo;\u00e9cho\u00a0d&rsquo;un\u00a0bruit\u00a0sans\u00a0avenir.<br><br>Ses\u00a0mots\u00a0se\u00a0sont\u00a0noy\u00e9s\u00a0dans\u00a0ce\u00a0profond\u00a0soupir<br>Durant\u00a0une\u00a0minute\u00a0et\u00a0cet\u00a0or\u00e9mus\u00a0mi\u00e8vre<br>Emplissait\u00a0l&rsquo;horizon\u00a0de\u00a0froissements\u00a0de\u00a0pl\u00e8vre<br>Qui\u00a0semaient\u00a0en\u00a0ton\u00a0c\u0153ur\u00a0une\u00a0peur\u00a0sans\u00a0d\u00e9sir.<br><br>L&rsquo;univers\u00a0s&rsquo;est\u00a0fig\u00e9\u00a0durant\u00a0une\u00a0minute<br>O\u00f9\u00a0les\u00a0sons\u00a0s&rsquo;entra\u00eenaient\u00a0dans\u00a0une\u00a0folle\u00a0chute\u00a0;<br>Pour\u00a0dire\u00a0l&rsquo;insens\u00e9,\u00a0les\u00a0mots\u00a0se\u00a0sont\u00a0noy\u00e9s.<br><br>Les\u00a0mots\u00a0se\u00a0sont\u00a0noy\u00e9s\u00a0dans\u00a0leur\u00a0propre\u00a0m\u00e9lasse<br>Durant\u00a0une\u00a0minute\u00a0o\u00f9\u00a0la\u00a0parole\u00a0passe<br>Comme\u00a0un\u00a0silence\u00a0hurleur\u00a0dans\u00a0ses\u00a0maux\u00a0d\u00e9ploy\u00e9s.<br><br>&#8212;<\/p>\n\n\n\n<h2 class=\"wp-block-heading has-text-align-center\">DURANT UNE LONGUE HEURE<\/h2>\n\n\n\n<p class=\"has-text-align-center\">Durant\u00a0une\u00a0longue\u00a0heure,\u00a0apr\u00e8s\u00a0cette\u00a0minute<br>O\u00f9\u00a0dire\u00a0l&rsquo;indicible\u00a0a\u00a0brouill\u00e9\u00a0l&rsquo;horizon,<br>Ton\u00a0esprit\u00a0fut\u00a0noy\u00e9\u00a0dans\u00a0sa\u00a0triste\u00a0oraison<br>Suivant\u00a0une\u00a0seconde\u00a0enterrant\u00a0toute\u00a0lutte.<br><br>Ton\u00a0esprit\u00a0fut\u00a0noy\u00e9\u00a0dans\u00a0cette\u00a0crise\u00a0brute<br>Dont\u00a0l&rsquo;orage\u00a0frappait\u00a0les\u00a0murs\u00a0de\u00a0ta\u00a0maison,<br>Durant\u00a0une\u00a0longue\u00a0heure,\u00a0et\u00a0formait\u00a0la\u00a0prison<br>Qui\u00a0te\u00a0tenait\u00a0fig\u00e9,\u00a0les\u00a0instincts\u00a0en\u00a0dispute.<br><br>Ton\u00a0esprit\u00a0fut\u00a0noy\u00e9,\u00a0creus\u00e9\u00a0dans\u00a0ton\u00a0fauteuil,<br>Durant\u00a0une\u00a0longue\u00a0heure\u00a0o\u00f9\u00a0la\u00a0vie\u00a0est\u00a0en\u00a0deuil<br>D&rsquo;un\u00a0pass\u00e9\u00a0qui\u00a0s&rsquo;\u00e9teint\u00a0;\u00a0que\u00a0plus\u00a0rien\u00a0ne\u00a0demeure.<br><br>Comme\u00a0paralys\u00e9,\u00a0ton\u00a0esprit\u00a0fut\u00a0noy\u00e9<br>Dans\u00a0cette\u00a0incertitude\u00a0et\u00a0ton\u00a0c\u0153ur\u00a0fut\u00a0broy\u00e9,<br>Seul,\u00a0recroquevill\u00e9,\u00a0durant\u00a0une\u00a0longue\u00a0heure.<br><br>&#8212;<\/p>\n\n\n\n<h2 class=\"wp-block-heading has-text-align-center\">DURANT TOUTE UNE NUIT<\/h2>\n\n\n\n<p class=\"has-text-align-center\">Durant\u00a0toute\u00a0une\u00a0nuit,\u00a0l&rsquo;avenir\u00a0fut\u00a0noy\u00e9<br>De\u00a0doutes\u00a0et\u00a0de\u00a0foi.\u00a0La\u00a0cruelle\u00a0insomnie<br>Te\u00a0ber\u00e7a\u00a0sans\u00a0douceur,\u00a0&#8211;\u00a0mutique\u00a0acrimonie\u00a0-,<br>Et\u00a0tu\u00a0fis\u00a0les\u00a0cent\u00a0pas\u00a0sur\u00a0ton\u00a0triste\u00a0oreiller.<br><br>Parfois\u00a0un\u00a0demi-r\u00eave\u00a0\u00e9chouait\u00a0\u00e0\u00a0rayer,<br>De\u00a0ton\u00a0esprit\u00a0en\u00a0proie\u00a0\u00e0\u00a0cette\u00a0apoph\u00e9nie,<br>Durant\u00a0toute\u00a0une\u00a0nuit,\u00a0la\u00a0temp\u00eate\u00a0infinie.<br>L&rsquo;avenir\u00a0fut\u00a0noy\u00e9\u00a0d&rsquo;un\u00a0silence\u00a0cri\u00e9.<br><br>Le\u00a0bourreau\u00a0de\u00a0l&rsquo;horloge\u00a0\u00e9grenait\u00a0une\u00a0\u00e0\u00a0une<br>Tes\u00a0vaines\u00a0illusions\u00a0sous\u00a0l&rsquo;\u00e9ternelle\u00a0Lune.<br>L&rsquo;avenir\u00a0fut\u00a0noy\u00e9\u00a0durant\u00a0toute\u00a0une\u00a0nuit.<br><br>Durant\u00a0toute\u00a0une\u00a0nuit\u00a0\u00e0\u00a0l&rsquo;aiguille\u00a0assassine,<br>L&rsquo;avenir\u00a0fut\u00a0noy\u00e9.\u00a0Quand\u00a0l&rsquo;horizon\u00a0s&rsquo;enfuit<br>Dans\u00a0l&rsquo;ombre\u00a0de\u00a0la\u00a0peur,\u00a0qui\u00a0donc\u00a0le\u00a0redessine\u00a0?<\/p>\n","protected":false},"excerpt":{"rendered":"<p>LE RETOUR D&rsquo;UN BIFFIN Sur&nbsp;le&nbsp;quai&nbsp;d\u00e9sert\u00e9&nbsp;par&nbsp;les&nbsp;derniers&nbsp;marins,Une&nbsp;vapeur&nbsp;\u00e9paisse&nbsp;envahissait&nbsp;les&nbsp;\u00e2mes,Un&nbsp;m\u00e9lange&nbsp;d&rsquo;opium&nbsp;et&nbsp;du&nbsp;parfum&nbsp;des&nbsp;damesBattant&nbsp;le&nbsp;pav\u00e9&nbsp;nu&nbsp;devant&nbsp;les&nbsp;tabarins. L&rsquo;eau&nbsp;noire&nbsp;clapotait&nbsp;aux&nbsp;sons&nbsp;des&nbsp;camarinsD&rsquo;un&nbsp;albatros&nbsp;immense&nbsp;entre&nbsp;les&nbsp;fr\u00eales&nbsp;prames&nbsp;;La&nbsp;Lune&nbsp;jetait&nbsp;l&rsquo;or&nbsp;sur&nbsp;un&nbsp;vieux&nbsp;brise-lamesDe&nbsp;m\u00e9tal&nbsp;et&nbsp;de&nbsp;rouille&nbsp;incrust\u00e9s&nbsp;de&nbsp;garins. L&rsquo;homme&nbsp;restait&nbsp;encor&nbsp;attendant&nbsp;quelque&nbsp;chosePour&nbsp;fuir&nbsp;l&rsquo;ennui&nbsp;sans&nbsp;fin&nbsp;de&nbsp;cette&nbsp;nuit&nbsp;sans&nbsp;bruit&nbsp;:Un&nbsp;corps&nbsp;contre&nbsp;lequel&nbsp;un&nbsp;autre&nbsp;corps&nbsp;s&rsquo;instruit,Se&nbsp;d\u00e9voile&nbsp;\u00e0&nbsp;lui-m\u00eame&nbsp;&#8211;&nbsp;un&nbsp;temps,&nbsp;s&rsquo;apoth\u00e9ose&nbsp;-,S&rsquo;use&nbsp;jusqu&rsquo;\u00e0&nbsp;la&nbsp;corde&nbsp;et&nbsp;s&rsquo;abandonne&nbsp;enfin\u00c0&nbsp;cesser&nbsp;d&rsquo;esp\u00e9rer&nbsp;le&nbsp;retour&nbsp;d&rsquo;un&nbsp;biffin. Par\u00e9idolie Sonnet irrationnel* Il&nbsp;regardait&nbsp;voler&nbsp;quelques&nbsp;coquecigrues,Les&nbsp;yeux&nbsp;riv\u00e9s&nbsp;au&nbsp;sol,&nbsp;comme&nbsp;un&nbsp;enfant&nbsp;des&nbsp;ruesLisant&nbsp;dans&nbsp;une&nbsp;flaque&nbsp;un&nbsp;r\u00e9cit&nbsp;de&nbsp;forbans. La&nbsp;par\u00e9idolie&nbsp;abuse&nbsp;bien&nbsp;des&nbsp;hommes. De&nbsp;l&rsquo;\u00e9colier&nbsp;r\u00eaveur&nbsp;au&nbsp;vieillard&nbsp;sur&nbsp;un&nbsp;bancPerdus&nbsp;dans&nbsp;l&rsquo;horizon&nbsp;dessin\u00e9&nbsp;de&nbsp;la&nbsp;nue,Chacun,&nbsp;un&nbsp;temps,&nbsp;s&rsquo;ab\u00eeme&nbsp;au&nbsp;bout&nbsp;de&nbsp;l&rsquo;avenue,O\u00f9&nbsp;l&rsquo;aulne&nbsp;sous&nbsp;le&nbsp;vent&nbsp;sourit&nbsp;en&nbsp;se&nbsp;courbant. La&nbsp;par\u00e9idolie&nbsp;amuse&nbsp;bien&nbsp;des&nbsp;hommes. Cette&nbsp;foule&nbsp;nombreuse&nbsp;appara\u00eet&nbsp;d&rsquo;en&nbsp;haut&nbsp;commeLa&nbsp;vague&nbsp;furieuse&nbsp;\u00e9mergeant&nbsp;des&nbsp;faubourgsD&rsquo;une&nbsp;langue&nbsp;de&nbsp;mer&nbsp;envahissant&nbsp;le&nbsp;coursSi&nbsp;vide&nbsp;encore&nbsp;hier&nbsp;lorsque&nbsp;l&rsquo;ombre&nbsp;d&rsquo;un&nbsp;lome\u00c9voquait&nbsp;d&rsquo;une&nbsp;croix&nbsp;le&nbsp;signe&nbsp;d&rsquo;une&nbsp;somme. *(dont les strophes sont 3-1-4-1-5 comme les premi\u00e8res d\u00e9cimales du nombre pi) DURANT CETTE SECONDE Durant\u00a0cette\u00a0seconde\u00a0o\u00f9\u00a0tout\u00a0s&rsquo;est\u00a0arr\u00eat\u00e9Tes\u00a0yeux\u00a0se\u00a0sont\u00a0noy\u00e9s\u00a0dans\u00a0l&rsquo;horizon\u00a0gris\u00e2treQui\u00a0planait\u00a0au-dessus\u00a0de\u00a0l&rsquo;usine\u00a0de\u00a0pl\u00e2treDont\u00a0l&rsquo;ombre\u00a0\u00e0\u00a0la\u00a0fen\u00eatre\u00a0adoucissait\u00a0l&rsquo;\u00e9t\u00e9Tes\u00a0yeux\u00a0se\u00a0sont\u00a0noy\u00e9s\u00a0de\u00a0larmes\u00a0de\u00a0bont\u00e9Embrassant\u00a0l&rsquo;univers\u00a0de\u00a0ce\u00a0triste\u00a0th\u00e9\u00e2treDonn\u00e9\u00a0sur\u00a0son\u00a0visage\u00a0au\u00a0pauvre\u00a0teint\u00a0d&rsquo;alb\u00e2treDurant\u00a0cette\u00a0seconde\u00a0ou\u00a0cette\u00a0\u00e9ternit\u00e9Tes\u00a0yeux\u00a0se\u00a0sont\u00a0noy\u00e9s\u00a0pour\u00a0ne\u00a0plus\u00a0rien\u00a0entendre Des\u00a0mots\u00a0que\u00a0tu\u00a0lisais\u00a0dans\u00a0ce\u00a0geste\u00a0si\u00a0tendreDurant\u00a0cette\u00a0seconde\u00a0o\u00f9\u00a0tout\u00a0a\u00a0bascul\u00e9Durant\u00a0cette\u00a0seconde\u00a0o\u00f9\u00a0sourd\u00a0une\u00a0autre\u00a0vieTes\u00a0yeux\u00a0se\u00a0sont\u00a0noy\u00e9s\u00a0dans\u00a0l&rsquo;illusoire\u00a0envieDe\u00a0retenir\u00a0du\u00a0temps\u00a0l&rsquo;acide\u00a0d\u00e9roul\u00e9. &#8212;&#8211; DURANT UNE MINUTE Durant\u00a0une\u00a0minute,\u00a0un\u00a0\u00e9trange\u00a0sabirMurmur\u00e9\u00a0sans\u00a0chaleur\u00a0s&rsquo;est\u00a0pos\u00e9\u00a0sur\u00a0sa\u00a0l\u00e8vre.Ses\u00a0mots\u00a0se\u00a0sont\u00a0noy\u00e9s\u00a0dans\u00a0ton\u00a0esprit\u00a0en\u00a0fi\u00e8vre\u00a0;Chacun\u00a0\u00e9tait\u00a0l&rsquo;\u00e9cho\u00a0d&rsquo;un\u00a0bruit\u00a0sans\u00a0avenir. Ses\u00a0mots\u00a0se\u00a0sont\u00a0noy\u00e9s\u00a0dans\u00a0ce\u00a0profond\u00a0soupirDurant\u00a0une\u00a0minute\u00a0et\u00a0cet\u00a0or\u00e9mus\u00a0mi\u00e8vreEmplissait\u00a0l&rsquo;horizon\u00a0de\u00a0froissements\u00a0de\u00a0pl\u00e8vreQui\u00a0semaient\u00a0en\u00a0ton\u00a0c\u0153ur\u00a0une\u00a0peur\u00a0sans\u00a0d\u00e9sir. L&rsquo;univers\u00a0s&rsquo;est\u00a0fig\u00e9\u00a0durant\u00a0une\u00a0minuteO\u00f9\u00a0les\u00a0sons\u00a0s&rsquo;entra\u00eenaient\u00a0dans\u00a0une\u00a0folle\u00a0chute\u00a0;Pour\u00a0dire\u00a0l&rsquo;insens\u00e9,\u00a0les\u00a0mots\u00a0se\u00a0sont\u00a0noy\u00e9s. Les\u00a0mots\u00a0se\u00a0sont\u00a0noy\u00e9s\u00a0dans\u00a0leur\u00a0propre\u00a0m\u00e9lasseDurant\u00a0une\u00a0minute\u00a0o\u00f9\u00a0la\u00a0parole\u00a0passeComme\u00a0un\u00a0silence\u00a0hurleur\u00a0dans\u00a0ses\u00a0maux\u00a0d\u00e9ploy\u00e9s. &#8212; DURANT UNE LONGUE HEURE Durant\u00a0une\u00a0longue\u00a0heure,\u00a0apr\u00e8s\u00a0cette\u00a0minuteO\u00f9\u00a0dire\u00a0l&rsquo;indicible\u00a0a\u00a0brouill\u00e9\u00a0l&rsquo;horizon,Ton\u00a0esprit\u00a0fut\u00a0noy\u00e9\u00a0dans\u00a0sa\u00a0triste\u00a0oraisonSuivant\u00a0une\u00a0seconde\u00a0enterrant\u00a0toute\u00a0lutte. Ton\u00a0esprit\u00a0fut\u00a0noy\u00e9\u00a0dans\u00a0cette\u00a0crise\u00a0bruteDont\u00a0l&rsquo;orage\u00a0frappait\u00a0les\u00a0murs\u00a0de\u00a0ta\u00a0maison,Durant\u00a0une\u00a0longue\u00a0heure,\u00a0et\u00a0formait\u00a0la\u00a0prisonQui\u00a0te\u00a0tenait\u00a0fig\u00e9,\u00a0les\u00a0instincts\u00a0en\u00a0dispute. Ton\u00a0esprit\u00a0fut\u00a0noy\u00e9,\u00a0creus\u00e9\u00a0dans\u00a0ton\u00a0fauteuil,Durant\u00a0une\u00a0longue\u00a0heure\u00a0o\u00f9\u00a0la\u00a0vie\u00a0est\u00a0en\u00a0deuilD&rsquo;un\u00a0pass\u00e9\u00a0qui\u00a0s&rsquo;\u00e9teint\u00a0;\u00a0que\u00a0plus\u00a0rien\u00a0ne\u00a0demeure. Comme\u00a0paralys\u00e9,\u00a0ton\u00a0esprit\u00a0fut\u00a0noy\u00e9Dans\u00a0cette\u00a0incertitude\u00a0et\u00a0ton\u00a0c\u0153ur\u00a0fut\u00a0broy\u00e9,Seul,\u00a0recroquevill\u00e9,\u00a0durant\u00a0une\u00a0longue\u00a0heure. &#8212; DURANT TOUTE UNE NUIT Durant\u00a0toute\u00a0une\u00a0nuit,\u00a0l&rsquo;avenir\u00a0fut\u00a0noy\u00e9De\u00a0doutes\u00a0et\u00a0de\u00a0foi.\u00a0La\u00a0cruelle\u00a0insomnieTe\u00a0ber\u00e7a\u00a0sans\u00a0douceur,\u00a0&#8211;\u00a0mutique\u00a0acrimonie\u00a0-,Et\u00a0tu\u00a0fis\u00a0les\u00a0cent\u00a0pas\u00a0sur\u00a0ton\u00a0triste\u00a0oreiller. &hellip; <\/p>\n<p class=\"link-more\"><a href=\"https:\/\/lesmotsbouscules.fr\/?page_id=1029\" class=\"more-link\">Continuer la lecture<span class=\"screen-reader-text\"> de &laquo;&nbsp;Sonnets&nbsp;&raquo;<\/span><\/a><\/p>\n","protected":false},"author":1,"featured_media":0,"parent":0,"menu_order":0,"comment_status":"closed","ping_status":"closed","template":"","meta":{"footnotes":""},"class_list":["post-1029","page","type-page","status-publish","hentry"],"_links":{"self":[{"href":"https:\/\/lesmotsbouscules.fr\/index.php?rest_route=\/wp\/v2\/pages\/1029","targetHints":{"allow":["GET"]}}],"collection":[{"href":"https:\/\/lesmotsbouscules.fr\/index.php?rest_route=\/wp\/v2\/pages"}],"about":[{"href":"https:\/\/lesmotsbouscules.fr\/index.php?rest_route=\/wp\/v2\/types\/page"}],"author":[{"embeddable":true,"href":"https:\/\/lesmotsbouscules.fr\/index.php?rest_route=\/wp\/v2\/users\/1"}],"replies":[{"embeddable":true,"href":"https:\/\/lesmotsbouscules.fr\/index.php?rest_route=%2Fwp%2Fv2%2Fcomments&post=1029"}],"version-history":[{"count":7,"href":"https:\/\/lesmotsbouscules.fr\/index.php?rest_route=\/wp\/v2\/pages\/1029\/revisions"}],"predecessor-version":[{"id":1040,"href":"https:\/\/lesmotsbouscules.fr\/index.php?rest_route=\/wp\/v2\/pages\/1029\/revisions\/1040"}],"wp:attachment":[{"href":"https:\/\/lesmotsbouscules.fr\/index.php?rest_route=%2Fwp%2Fv2%2Fmedia&parent=1029"}],"curies":[{"name":"wp","href":"https:\/\/api.w.org\/{rel}","templated":true}]}}