{"id":1027,"date":"2023-10-16T15:31:35","date_gmt":"2023-10-16T13:31:35","guid":{"rendered":"http:\/\/lesmotsbouscules.fr\/?page_id=1027"},"modified":"2023-10-21T13:02:22","modified_gmt":"2023-10-21T11:02:22","slug":"haikulorimes-de-saison","status":"publish","type":"page","link":"https:\/\/lesmotsbouscules.fr\/?page_id=1027","title":{"rendered":"Ha\u00efk\u00fblorimes de saison"},"content":{"rendered":"\n<p class=\"has-text-align-center\">Mai&nbsp;en&nbsp;f\u00e9vrier&nbsp;;<br>La&nbsp;meth&nbsp;et&nbsp;la&nbsp;m\u00e9t\u00e9o<br>M&rsquo;ayant&nbsp;fait&nbsp;vriller.<br><br>&#8212;<\/p>\n\n\n\n<p class=\"has-text-align-center\">L&rsquo;eau&nbsp;tonnant,&nbsp;j&rsquo;enviais<br>les&nbsp;neiges&nbsp;d&rsquo;antan.&nbsp;Que&nbsp;n&rsquo;ai-je<br>L&rsquo;automne&nbsp;en&nbsp;janvier&nbsp;?<br><br>&#8212;<\/p>\n\n\n\n<p class=\"has-text-align-center\">L&rsquo;\u00eatre\u00a0en\u00a0septembre\u00a0est<br>Si\u00a0soulag\u00e9\u00a0sous\u00a0l&rsquo;\u00e2g\u00e9,<br>Laid,\u00a0transept\u00a0ambr\u00e9.<br><br>&#8212;<br><br>Avril\u00a0en\u00a0\u00e9t\u00e9<br>D&rsquo;octobre,\u00a0onze\u00a0bronzent\u00a0au<br>Havre,\u00a0il\u00a0en\u00a0\u00e9tait.<br><br>&#8212;<br><br>Docte,\u00a0\u00d4\u00a0Breux,\u00a0enjoins,<br>S\u00fbr,\u00a0L&rsquo;\u00e2me\u00a0zen\u00a0sur\u00a0la\u00a0Meuse<br>D&rsquo;octobres\u00a0en\u00a0juins.<br><br>&#8212;<br><br>Nos\u00a0vents\u00a0bretons\u00a0bas<br>Ass\u00e9ch\u00e8rent,\u00a0l\u00e0,\u00a0ses\u00a0chairs\u00a0;<br>Novembre\u00a0tomba.<br><br>&#8212;<br><br>Cauchemars\u00a0si\u00a0verts,<br>Soulais-je,\u00a0ivre,\u00a0sous\u00a0les\u00a0givres\u00a0?<br>Coche\u00a0Mars,\u00a0Hiver\u00a0!<br><br>&#8212;<br><br>Et\u00a0juillet\u00a0ourdit<br>Tant\u00a0d&rsquo;effroi.\u00a0\u00d4,\u00a0temps\u00a0des\u00a0froids,<br>Ai-je\u00a0hui,\u00a0\u00e9tourdi\u00a0?<br><br>&#8212;<br><br>Vois\u00a0le\u00a0rouge\u00a0hui\u00a0et<br>mai,\u00a0juin,\u00a0deux\u00a0m\u00e2ts,\u00a0mes\u00a0joints\u00a0de<br>Voileur\u00a0ou\u00a0juillet.<br><br>&#8212;<br><br>Deux\u00a0dais\u00a0sans\u00a0bras\u00a0joints<br>N&rsquo;ombrent\u00a0pas\u00a0de\u00a0nombreux\u00a0pas<br>De\u00a0d\u00e9cembre\u00a0\u00e0\u00a0juin.<br><br>&#8212;<br><br>En\u00a0printemps,\u00a0le\u00a0raout<br>Met\u00a0\u00e0\u00a0mort,\u00a0m\u00e9tamorphose,<br>Empruntant\u00a0leur\u00a0ao\u00fbt.<br><br>&#8212;<br><br>L&rsquo;\u00e9quine\u00a0oxymore<br>Dit\u00a0qu&rsquo;\u00e0\u00a0R\u00e2\u00a0haut,\u00a0au\u00a0haras,<br>L&rsquo;\u00e9quinoxe\u00a0y\u00a0mord.<br><br>&#8212;<br><br>Oh,\u00a0L&rsquo;Hiver\u00a0de\u00a0mes<br>Heures\u00a0nettes\u00a0rena\u00eet-il<br>Au\u00a0lit\u00a0vert\u00a0de\u00a0Mai\u00a0?<br><br>&#8212;<br><br>No\u00e9\u00a0loba\u00a0l&rsquo;con<br>En\u00a0le\u00a0saoulant.\u00a0L&rsquo;arche\u00a0n&rsquo;est<br>Pas\u00a0que\u00a0zoo.\u00a0Tisons\u00a0!<br><br>&#8212;<br><br>La\u00a0Toussaint\u00a0posera,<br> &#8211; N&rsquo;aie\u00a0d\u00e9go\u00fbt\u00a0! -,\u00a0aux\u00a0nez,\u00a0des\u00a0gouttes\u00a0;<br>La\u00a0toux\u00a0s&rsquo;imposera.<br><br>&#8212;<br><br>Halloween,\u00a0on\u00a0ou\u00eft,<br>Sans\u00a0coude,\u00a0cent\u00a0coups\u00a0de\u00a0fil\u00a0:<br>&#8211;\u00a0All\u00f4\u00a0?..\u00a0Oui&#8230;\u00a0Non\u00a0?..\u00a0Oui\u00a0!<br><br>&#8212;<br><br>Saul,\u00a0sti\u00a0!,\u00a0ce\u00a0date\u00a0est<br>Fake,\u00a0Alice,\u00a0Oh\u00a0!\u00a0C\u00e2lisse\u00a0!\u00a0au<br>Solstice\u00a0d&rsquo;\u00e9t\u00e9.<br><br>&#8212;<br><br><mark style=\"background-color:rgba(0, 0, 0, 0)\" class=\"has-inline-color has-vivid-cyan-blue-color\">Le\u00a0ciel\u00a0se\u00a0cambre<br>En\u00a0pleins\u00a0et\u00a0creux<br>En\u00a0cet\u00a0affreux<br>Vingt-deux\u00a0d\u00e9cembre<br>O\u00f9\u00a0le\u00a0Soleil<br>Bas\u00a0se\u00a0d\u00e9croche<br>Tant\u00a0qu&rsquo;il\u00a0s&rsquo;approche<br>De\u00a0son\u00a0orteil\u00a0;<br>La\u00a0belle\u00a0en\u00a0brode<br>Une\u00a0triste\u00a0ode.<br><br>soit<\/mark><br><br>Qu&rsquo;ell&rsquo;\u00a0dise\u00a0un\u00a0des\u00a0astres<br>Au\u00a0sol.\u00a0Se\u00a0tissent\u00a0dix\u00a0vers\u00a0;<br>Quel\u00a0dizain\u00a0d\u00e9sastre\u00a0!<br><br>&#8212;<br><br>Au\u00a0tonnelet,\u00a0preux,<br>On\u00a0renversait\u00a0en\u00a0vers\u00a0cet<br>Automne\u00a0l\u00e9preux.<br><br>&#8212;<br><br>Lot\u00a0tonitruant\u00a0d&rsquo;<br>eaux,\u00a0d&rsquo;aulx,\u00a0d&rsquo;os\u00a0de\u00a0dodos,\u00a0d&rsquo;odes,<br>L&rsquo;automne\u00a0y\u00a0truande.<br><br>&#8212;<br><br>Cocteau\u00a0bredouillait<br>Qu&rsquo;automne\u00a0cotonneux\u00a0n&rsquo;offre<br>Qu&rsquo;octobre\u00a0douillet.<br><br>&#8212;<br><br>S\u0153ur Earth<br>&#8211;<br>Cool her ! The low tone<br>Of a tree, aux feux, trie les<br>Couleurs de l&rsquo;automne.<br><br><mark style=\"background-color:rgba(0, 0, 0, 0)\" class=\"has-inline-color has-vivid-green-cyan-color\">S\u0153ur\u00a0Terre<br>&#8211;<br>Apaise-la\u00a0!<br>Les\u00a0nuances\u00a0d&rsquo;un\u00a0arbre,<br>Aux\u00a0feux,<br>Trie\u00a0les\u00a0couleurs\u00a0de\u00a0l&rsquo;automne.<\/mark><br><br>&#8212;<br><br>On\u00a0concocte\u00a0au\u00a0beurre<br>Lubins,\u00a0kumquats.\u00a0Ben,\u00a0Comm&rsquo;\u00a0quoi\u00a0!<br>(Hong\u00a0Kong,\u00a0October)<br><br>&#8212;<br><br>L&rsquo;automne,\u00a0\u00d4\u00a0mis\u00e8re,<br>Sans\u00a0ses\u00a0ondes\u00a0;\u00a0Cent\u00a0saisons<br>L&rsquo;autonomis\u00e8rent.<br><br>&#8212;<br><br>L&rsquo;autonyme\u00a0\u00e2g\u00e9,<br>A.\u00a0Carret,\u00a0a\u00a0carr\u00e9ment<br>L&rsquo;automne\u00a0imag\u00e9.<br><br>&#8212;<br><br>Relativit\u00e9 du froid<br>&#8211;<br><br>L&rsquo;automne \u00e9tend du<br>Foulard ; dans la foule, ardent,<br>L&rsquo;h\u00f4te au nez tendu.<br><br>&#8212;<br><br><br>D\u00e9boire\u00a0et\u00a0conduire<br>&#8211;<br><br>Salon\u00a0de\u00a0l&rsquo;auto\u00a0ne<br>T&rsquo;abat,\u00a0gn\u00f4le\u00a0!\u00a0Ta\u00a0bagnole<br>Sale\u00a0onde*\u00a0l&rsquo;automne.<\/p>\n\n\n\n<p> * <mark style=\"background-color:rgba(0, 0, 0, 0)\" class=\"has-inline-color has-vivid-green-cyan-color\">onder\u00a0(ancien\u00a0fran\u00e7ais)\u00a0pour inonder\u00a0(ici,\u00a0m\u00e9taphoriquement,\u00a0polluer)(une\u00a0sorte\u00a0de\u00a0r\u00e9ponse\u00a0\u00e0\u00a0Michel-C\u00e9t\u00e9myeuaven\u00a0Sardou\u00a0qui\u00a0regrette<br>de\u00a0ne\u00a0plus\u00a0pouvoir\u00a0picoler\u00a0et\u00a0rouler\u00a0vite\u00a0et\u00a0\u00e0\u00a0Emmemtan-Uel\u00a0Macron<br>qui\u00a0aime\u00a0la\u00a0bagnole\u00a0quand\u00a0on\u00a0lui\u00a0parle\u00a0d&rsquo;\u00e9cologie)<br>Le\u00a0vers\u00a02\u00a0aurait\u00a0pu\u00a0\u00eatre\u00a0:\u00a0tabac,\u00a0gn\u00f4le,\u00a0ta\u00a0bagnole<\/mark><\/p>\n\n\n\n<p class=\"has-text-align-center\"><br>&#8212;<br><br>L&rsquo;eau,\u00a0d\u00e9mone\u00a0automne,<br>Hurle\u00a0et\u00a0tombe\u00a0sur\u00a0les\u00a0tombes\u00a0;<br>L&rsquo;ode\u00a0est\u00a0monotone.<br><br>&#8212;<br><br>Sangle,\u00a0aux\u00a0mots,\u00a0nos\u00a0tonnes<br>de\u00a0maux\u00a0tonnants\u00a0d&rsquo;automne\u00a0en<br>Sanglots\u00a0monotones.<br><br>&#8212;<\/p>\n","protected":false},"excerpt":{"rendered":"<p>Mai&nbsp;en&nbsp;f\u00e9vrier&nbsp;;La&nbsp;meth&nbsp;et&nbsp;la&nbsp;m\u00e9t\u00e9oM&rsquo;ayant&nbsp;fait&nbsp;vriller. &#8212; L&rsquo;eau&nbsp;tonnant,&nbsp;j&rsquo;enviaisles&nbsp;neiges&nbsp;d&rsquo;antan.&nbsp;Que&nbsp;n&rsquo;ai-jeL&rsquo;automne&nbsp;en&nbsp;janvier&nbsp;? &#8212; L&rsquo;\u00eatre\u00a0en\u00a0septembre\u00a0estSi\u00a0soulag\u00e9\u00a0sous\u00a0l&rsquo;\u00e2g\u00e9,Laid,\u00a0transept\u00a0ambr\u00e9. &#8212; Avril\u00a0en\u00a0\u00e9t\u00e9D&rsquo;octobre,\u00a0onze\u00a0bronzent\u00a0auHavre,\u00a0il\u00a0en\u00a0\u00e9tait. &#8212; Docte,\u00a0\u00d4\u00a0Breux,\u00a0enjoins,S\u00fbr,\u00a0L&rsquo;\u00e2me\u00a0zen\u00a0sur\u00a0la\u00a0MeuseD&rsquo;octobres\u00a0en\u00a0juins. &#8212; Nos\u00a0vents\u00a0bretons\u00a0basAss\u00e9ch\u00e8rent,\u00a0l\u00e0,\u00a0ses\u00a0chairs\u00a0;Novembre\u00a0tomba. &#8212; Cauchemars\u00a0si\u00a0verts,Soulais-je,\u00a0ivre,\u00a0sous\u00a0les\u00a0givres\u00a0?Coche\u00a0Mars,\u00a0Hiver\u00a0! &#8212; Et\u00a0juillet\u00a0ourditTant\u00a0d&rsquo;effroi.\u00a0\u00d4,\u00a0temps\u00a0des\u00a0froids,Ai-je\u00a0hui,\u00a0\u00e9tourdi\u00a0? &#8212; Vois\u00a0le\u00a0rouge\u00a0hui\u00a0etmai,\u00a0juin,\u00a0deux\u00a0m\u00e2ts,\u00a0mes\u00a0joints\u00a0deVoileur\u00a0ou\u00a0juillet. &#8212; Deux\u00a0dais\u00a0sans\u00a0bras\u00a0jointsN&rsquo;ombrent\u00a0pas\u00a0de\u00a0nombreux\u00a0pasDe\u00a0d\u00e9cembre\u00a0\u00e0\u00a0juin. &#8212; En\u00a0printemps,\u00a0le\u00a0raoutMet\u00a0\u00e0\u00a0mort,\u00a0m\u00e9tamorphose,Empruntant\u00a0leur\u00a0ao\u00fbt. &#8212; L&rsquo;\u00e9quine\u00a0oxymoreDit\u00a0qu&rsquo;\u00e0\u00a0R\u00e2\u00a0haut,\u00a0au\u00a0haras,L&rsquo;\u00e9quinoxe\u00a0y\u00a0mord. &#8212; Oh,\u00a0L&rsquo;Hiver\u00a0de\u00a0mesHeures\u00a0nettes\u00a0rena\u00eet-ilAu\u00a0lit\u00a0vert\u00a0de\u00a0Mai\u00a0? &#8212; No\u00e9\u00a0loba\u00a0l&rsquo;conEn\u00a0le\u00a0saoulant.\u00a0L&rsquo;arche\u00a0n&rsquo;estPas\u00a0que\u00a0zoo.\u00a0Tisons\u00a0! &#8212; La\u00a0Toussaint\u00a0posera, &#8211; N&rsquo;aie\u00a0d\u00e9go\u00fbt\u00a0! -,\u00a0aux\u00a0nez,\u00a0des\u00a0gouttes\u00a0;La\u00a0toux\u00a0s&rsquo;imposera. &#8212; Halloween,\u00a0on\u00a0ou\u00eft,Sans\u00a0coude,\u00a0cent\u00a0coups\u00a0de\u00a0fil\u00a0:&#8211;\u00a0All\u00f4\u00a0?..\u00a0Oui&#8230;\u00a0Non\u00a0?..\u00a0Oui\u00a0! &#8212; Saul,\u00a0sti\u00a0!,\u00a0ce\u00a0date\u00a0estFake,\u00a0Alice,\u00a0Oh\u00a0!\u00a0C\u00e2lisse\u00a0!\u00a0auSolstice\u00a0d&rsquo;\u00e9t\u00e9. &#8212; Le\u00a0ciel\u00a0se\u00a0cambreEn\u00a0pleins\u00a0et\u00a0creuxEn\u00a0cet\u00a0affreuxVingt-deux\u00a0d\u00e9cembreO\u00f9\u00a0le\u00a0SoleilBas\u00a0se\u00a0d\u00e9crocheTant\u00a0qu&rsquo;il\u00a0s&rsquo;approcheDe\u00a0son\u00a0orteil\u00a0;La\u00a0belle\u00a0en\u00a0brodeUne\u00a0triste\u00a0ode. soit Qu&rsquo;ell&rsquo;\u00a0dise\u00a0un\u00a0des\u00a0astresAu\u00a0sol.\u00a0Se\u00a0tissent\u00a0dix\u00a0vers\u00a0;Quel\u00a0dizain\u00a0d\u00e9sastre\u00a0! &#8212; Au\u00a0tonnelet,\u00a0preux,On\u00a0renversait\u00a0en\u00a0vers\u00a0cetAutomne\u00a0l\u00e9preux. &#8212; Lot\u00a0tonitruant\u00a0d&rsquo;eaux,\u00a0d&rsquo;aulx,\u00a0d&rsquo;os\u00a0de\u00a0dodos,\u00a0d&rsquo;odes,L&rsquo;automne\u00a0y\u00a0truande. &#8212; Cocteau\u00a0bredouillaitQu&rsquo;automne\u00a0cotonneux\u00a0n&rsquo;offreQu&rsquo;octobre\u00a0douillet. &#8212; S\u0153ur Earth&#8211;Cool her ! The low toneOf a &hellip; <\/p>\n<p class=\"link-more\"><a href=\"https:\/\/lesmotsbouscules.fr\/?page_id=1027\" class=\"more-link\">Continuer la lecture<span class=\"screen-reader-text\"> de &laquo;&nbsp;Ha\u00efk\u00fblorimes de saison&nbsp;&raquo;<\/span><\/a><\/p>\n","protected":false},"author":1,"featured_media":0,"parent":0,"menu_order":0,"comment_status":"closed","ping_status":"closed","template":"","meta":{"footnotes":""},"class_list":["post-1027","page","type-page","status-publish","hentry"],"_links":{"self":[{"href":"https:\/\/lesmotsbouscules.fr\/index.php?rest_route=\/wp\/v2\/pages\/1027","targetHints":{"allow":["GET"]}}],"collection":[{"href":"https:\/\/lesmotsbouscules.fr\/index.php?rest_route=\/wp\/v2\/pages"}],"about":[{"href":"https:\/\/lesmotsbouscules.fr\/index.php?rest_route=\/wp\/v2\/types\/page"}],"author":[{"embeddable":true,"href":"https:\/\/lesmotsbouscules.fr\/index.php?rest_route=\/wp\/v2\/users\/1"}],"replies":[{"embeddable":true,"href":"https:\/\/lesmotsbouscules.fr\/index.php?rest_route=%2Fwp%2Fv2%2Fcomments&post=1027"}],"version-history":[{"count":3,"href":"https:\/\/lesmotsbouscules.fr\/index.php?rest_route=\/wp\/v2\/pages\/1027\/revisions"}],"predecessor-version":[{"id":1051,"href":"https:\/\/lesmotsbouscules.fr\/index.php?rest_route=\/wp\/v2\/pages\/1027\/revisions\/1051"}],"wp:attachment":[{"href":"https:\/\/lesmotsbouscules.fr\/index.php?rest_route=%2Fwp%2Fv2%2Fmedia&parent=1027"}],"curies":[{"name":"wp","href":"https:\/\/api.w.org\/{rel}","templated":true}]}}